
{"id":5084,"date":"2018-08-29T10:54:16","date_gmt":"2018-08-29T08:54:16","guid":{"rendered":"http:\/\/mlekpol.thinq.pl\/index.php\/produkt\/sokolski-cold-borscht\/"},"modified":"2019-02-07T11:57:23","modified_gmt":"2019-02-07T10:57:23","slug":"sokolski-cold-borscht","status":"publish","type":"product","link":"https:\/\/mlekpol.com.pl\/index.php\/en\/produkt\/sokolski-cold-borscht\/","title":{"rendered":"Sok\u00f3lski cold borscht"},"content":{"rendered":"<p>A regional taste and a traditional recipe. Cold borscht from Sok\u00f3\u0142ka \u2013 the heart of Podlasie \u2013 with its composition, taste and appearance recalls a traditional beetroot soup of eastern borderlands. The perfect fusion of delicious milk from cows grazed on the cleanest meadows and fresh Polish vegetables. Its packaging makes it additionally advantageous \u2013 a handy bowl perfect for taking the product to work, for a trip or on the beach.<\/p>\n","protected":false},"excerpt":{"rendered":"<p>A regional taste and a traditional recipe. Cold borscht from Sok\u00f3\u0142ka \u2013 the heart of Podlasie \u2013 with its composition, taste and appearance recalls a traditional beetroot soup of eastern borderlands. The perfect fusion of delicious milk from cows grazed on the cleanest meadows and fresh Polish vegetables. Its packaging makes it additionally advantageous \u2013 [&hellip;]<\/p>\n","protected":false},"featured_media":5771,"template":"","meta":[],"product_cat":[237,239,613],"product_tag":[],"_links":{"self":[{"href":"https:\/\/mlekpol.com.pl\/index.php\/wp-json\/wp\/v2\/product\/5084"}],"collection":[{"href":"https:\/\/mlekpol.com.pl\/index.php\/wp-json\/wp\/v2\/product"}],"about":[{"href":"https:\/\/mlekpol.com.pl\/index.php\/wp-json\/wp\/v2\/types\/product"}],"wp:featuredmedia":[{"embeddable":true,"href":"https:\/\/mlekpol.com.pl\/index.php\/wp-json\/wp\/v2\/media\/5771"}],"wp:attachment":[{"href":"https:\/\/mlekpol.com.pl\/index.php\/wp-json\/wp\/v2\/media?parent=5084"}],"wp:term":[{"taxonomy":"product_cat","embeddable":true,"href":"https:\/\/mlekpol.com.pl\/index.php\/wp-json\/wp\/v2\/product_cat?post=5084"},{"taxonomy":"product_tag","embeddable":true,"href":"https:\/\/mlekpol.com.pl\/index.php\/wp-json\/wp\/v2\/product_tag?post=5084"}],"curies":[{"name":"wp","href":"https:\/\/api.w.org\/{rel}","templated":true}]}}