
{"id":4763,"date":"2018-08-29T10:50:45","date_gmt":"2018-08-29T08:50:45","guid":{"rendered":"http:\/\/mlekpol.thinq.pl\/index.php\/produkt\/laciate-swieze-milk-32\/"},"modified":"2022-12-08T00:15:41","modified_gmt":"2022-12-07T23:15:41","slug":"laciate-swieze-milk-32","status":"publish","type":"product","link":"https:\/\/mlekpol.com.pl\/index.php\/en\/produkt\/laciate-swieze-milk-32\/","title":{"rendered":"\u0141aciate \u015bwie\u017ce milk 3,2%"},"content":{"rendered":"<p>The greatest deliciousness, excellent Polish milk from cows fed with non-GMO products. \u0141aciate \u015awie\u017ce milk is micro-filtered and pasteurized. With this technology we produce pasteurized milk with a composition, properties and organoleptic characteristics only slightly different from raw milk. The microfiltration process does not affect the taste and smell, so consumers can fully enjoy the experience of real country milk.<\/p>\n","protected":false},"excerpt":{"rendered":"<p>The greatest deliciousness, excellent Polish milk from cows fed with non-GMO products. \u0141aciate \u015awie\u017ce milk is micro-filtered and pasteurized. With this technology we produce pasteurized milk with a composition, properties and organoleptic characteristics only slightly different from raw milk. The microfiltration process does not affect the taste and smell, so consumers can fully enjoy the [&hellip;]<\/p>\n","protected":false},"featured_media":23707,"template":"","meta":[],"product_cat":[203,117,235],"product_tag":[],"_links":{"self":[{"href":"https:\/\/mlekpol.com.pl\/index.php\/wp-json\/wp\/v2\/product\/4763"}],"collection":[{"href":"https:\/\/mlekpol.com.pl\/index.php\/wp-json\/wp\/v2\/product"}],"about":[{"href":"https:\/\/mlekpol.com.pl\/index.php\/wp-json\/wp\/v2\/types\/product"}],"wp:featuredmedia":[{"embeddable":true,"href":"https:\/\/mlekpol.com.pl\/index.php\/wp-json\/wp\/v2\/media\/23707"}],"wp:attachment":[{"href":"https:\/\/mlekpol.com.pl\/index.php\/wp-json\/wp\/v2\/media?parent=4763"}],"wp:term":[{"taxonomy":"product_cat","embeddable":true,"href":"https:\/\/mlekpol.com.pl\/index.php\/wp-json\/wp\/v2\/product_cat?post=4763"},{"taxonomy":"product_tag","embeddable":true,"href":"https:\/\/mlekpol.com.pl\/index.php\/wp-json\/wp\/v2\/product_tag?post=4763"}],"curies":[{"name":"wp","href":"https:\/\/api.w.org\/{rel}","templated":true}]}}