
{"id":4548,"date":"2018-08-29T09:50:06","date_gmt":"2018-08-29T07:50:06","guid":{"rendered":"http:\/\/mlekpol.thinq.pl\/index.php\/produkt\/smietana-laciata-18-2\/"},"modified":"2024-05-09T14:27:04","modified_gmt":"2024-05-09T12:27:04","slug":"smietana-laciata-18-2","status":"publish","type":"product","link":"https:\/\/mlekpol.com.pl\/index.php\/produkt\/smietana-laciata-18-2\/","title":{"rendered":"\u015amietana \u0141aciata 18%"},"content":{"rendered":"<p>Naturalne \u015bmietany \u0141aciate powsta\u0142y z najwy\u017cszej klasy polskiej \u015bmietanki z mleka od kr\u00f3w skarmianych paszami bez GMO. S\u0105 delikatne, organicznie ukwaszone dzi\u0119ki dodatkowi \u017cywych kultur bakterii mlekowych. \u015amietanka i \u017cywe kultury dobroczynnych bakterii to jedyne sk\u0142adniki. \u015amietany \u0141aciate maj\u0105 tradycyjny smak polskiej, wiejskiej kwa\u015bnej \u015bmietany. To idealne dope\u0142nienie gor\u0105cych zup i sos\u00f3w a tak\u017ce ch\u0142odnik\u00f3w, dip\u00f3w do da\u0144 z grilla czy placuszk\u00f3w z warzyw sezonowych. \u015amietany \u0141aciate dost\u0119pne s\u0105 w trzech wariantach t\u0142uszczowych: 12%, 18% i 22%, w kubkach o dw\u00f3ch pojemno\u015bciach: 180 g i 330 g.<\/p>\n","protected":false},"excerpt":{"rendered":"<p>Naturalne \u015bmietany \u0141aciate powsta\u0142y z najwy\u017cszej klasy polskiej \u015bmietanki z mleka od kr\u00f3w skarmianych paszami bez GMO. S\u0105 delikatne, organicznie ukwaszone dzi\u0119ki dodatkowi \u017cywych kultur bakterii mlekowych. \u015amietanka i \u017cywe kultury dobroczynnych bakterii to jedyne sk\u0142adniki. \u015amietany \u0141aciate maj\u0105 tradycyjny smak polskiej, wiejskiej kwa\u015bnej \u015bmietany. To idealne dope\u0142nienie gor\u0105cych zup i sos\u00f3w a tak\u017ce ch\u0142odnik\u00f3w, [&hellip;]<\/p>\n","protected":false},"featured_media":27418,"template":"","meta":[],"product_cat":[17,48],"product_tag":[],"_links":{"self":[{"href":"https:\/\/mlekpol.com.pl\/index.php\/wp-json\/wp\/v2\/product\/4548"}],"collection":[{"href":"https:\/\/mlekpol.com.pl\/index.php\/wp-json\/wp\/v2\/product"}],"about":[{"href":"https:\/\/mlekpol.com.pl\/index.php\/wp-json\/wp\/v2\/types\/product"}],"wp:featuredmedia":[{"embeddable":true,"href":"https:\/\/mlekpol.com.pl\/index.php\/wp-json\/wp\/v2\/media\/27418"}],"wp:attachment":[{"href":"https:\/\/mlekpol.com.pl\/index.php\/wp-json\/wp\/v2\/media?parent=4548"}],"wp:term":[{"taxonomy":"product_cat","embeddable":true,"href":"https:\/\/mlekpol.com.pl\/index.php\/wp-json\/wp\/v2\/product_cat?post=4548"},{"taxonomy":"product_tag","embeddable":true,"href":"https:\/\/mlekpol.com.pl\/index.php\/wp-json\/wp\/v2\/product_tag?post=4548"}],"curies":[{"name":"wp","href":"https:\/\/api.w.org\/{rel}","templated":true}]}}