
{"id":3415,"date":"2018-08-27T11:11:03","date_gmt":"2018-08-27T09:11:03","guid":{"rendered":"http:\/\/mlekpol.thinq.pl\/index.php\/produkt\/serek-smietankowy-laciaty-czosnkowy\/"},"modified":"2022-11-23T14:36:25","modified_gmt":"2022-11-23T13:36:25","slug":"serek-smietankowy-laciaty-czosnkowy","status":"publish","type":"product","link":"https:\/\/mlekpol.com.pl\/index.php\/produkt\/serek-smietankowy-laciaty-czosnkowy\/","title":{"rendered":"Serek \u015bmietankowy \u0141aciaty z czosnkiem"},"content":{"rendered":"<p>Powsta\u0142 z najlepszej \u015bmietanki, bez zag\u0119stnik\u00f3w i konserwant\u00f3w. Lekki, delikatny o chrzanowym smaku. Doskona\u0142y do kanapek z w\u0119dlin\u0105, jako dope\u0142nienie sos\u00f3w, baza dip\u00f3w do \u015bwie\u017cych warzyw i potraw z grilla.<\/p>\n","protected":false},"excerpt":{"rendered":"<p>Powsta\u0142 z najlepszej \u015bmietanki, bez zag\u0119stnik\u00f3w i konserwant\u00f3w. Lekki, delikatny o chrzanowym smaku. Doskona\u0142y do kanapek z w\u0119dlin\u0105, jako dope\u0142nienie sos\u00f3w, baza dip\u00f3w do \u015bwie\u017cych warzyw i potraw z grilla.<\/p>\n","protected":false},"featured_media":21481,"template":"","meta":[],"product_cat":[23,48],"product_tag":[],"_links":{"self":[{"href":"https:\/\/mlekpol.com.pl\/index.php\/wp-json\/wp\/v2\/product\/3415"}],"collection":[{"href":"https:\/\/mlekpol.com.pl\/index.php\/wp-json\/wp\/v2\/product"}],"about":[{"href":"https:\/\/mlekpol.com.pl\/index.php\/wp-json\/wp\/v2\/types\/product"}],"wp:featuredmedia":[{"embeddable":true,"href":"https:\/\/mlekpol.com.pl\/index.php\/wp-json\/wp\/v2\/media\/21481"}],"wp:attachment":[{"href":"https:\/\/mlekpol.com.pl\/index.php\/wp-json\/wp\/v2\/media?parent=3415"}],"wp:term":[{"taxonomy":"product_cat","embeddable":true,"href":"https:\/\/mlekpol.com.pl\/index.php\/wp-json\/wp\/v2\/product_cat?post=3415"},{"taxonomy":"product_tag","embeddable":true,"href":"https:\/\/mlekpol.com.pl\/index.php\/wp-json\/wp\/v2\/product_tag?post=3415"}],"curies":[{"name":"wp","href":"https:\/\/api.w.org\/{rel}","templated":true}]}}