
{"id":32937,"date":"2026-04-29T22:14:07","date_gmt":"2026-04-29T20:14:07","guid":{"rendered":"https:\/\/admin-mlekpol.f11.co\/?post_type=product&#038;p=32937"},"modified":"2026-04-29T22:18:05","modified_gmt":"2026-04-29T20:18:05","slug":"jogurt-grecki-laciaty-bez-laktozy","status":"publish","type":"product","link":"https:\/\/mlekpol.com.pl\/index.php\/produkt\/jogurt-grecki-laciaty-bez-laktozy\/","title":{"rendered":"Jogurt Grecki \u0141aciaty bez laktozy"},"content":{"rendered":"<p>Jogurt Grecki bez laktozy zachowuje wszystkie zalety tradycyjnego jogurtu greckiego \u2013 jest g\u0119sty, aksamitny, a przy tym \u0142agodny dla uk\u0142adu trawiennego. Produkt doskonale sprawdzi si\u0119 zar\u00f3wno jako zdrowa przek\u0105ska, jak i sk\u0142adnik wielu potraw \u2013 od \u015bniada\u0144 po desery i sosy.<\/p>\n","protected":false},"excerpt":{"rendered":"<p>Jogurt Grecki bez laktozy zachowuje wszystkie zalety tradycyjnego jogurtu greckiego \u2013 jest g\u0119sty, aksamitny, a przy tym \u0142agodny dla uk\u0142adu trawiennego. Produkt doskonale sprawdzi si\u0119 zar\u00f3wno jako zdrowa przek\u0105ska, jak i sk\u0142adnik wielu potraw \u2013 od \u015bniada\u0144 po desery i sosy.<\/p>\n","protected":false},"featured_media":32938,"template":"","meta":[],"product_cat":[34,18,48],"product_tag":[],"_links":{"self":[{"href":"https:\/\/mlekpol.com.pl\/index.php\/wp-json\/wp\/v2\/product\/32937"}],"collection":[{"href":"https:\/\/mlekpol.com.pl\/index.php\/wp-json\/wp\/v2\/product"}],"about":[{"href":"https:\/\/mlekpol.com.pl\/index.php\/wp-json\/wp\/v2\/types\/product"}],"wp:featuredmedia":[{"embeddable":true,"href":"https:\/\/mlekpol.com.pl\/index.php\/wp-json\/wp\/v2\/media\/32938"}],"wp:attachment":[{"href":"https:\/\/mlekpol.com.pl\/index.php\/wp-json\/wp\/v2\/media?parent=32937"}],"wp:term":[{"taxonomy":"product_cat","embeddable":true,"href":"https:\/\/mlekpol.com.pl\/index.php\/wp-json\/wp\/v2\/product_cat?post=32937"},{"taxonomy":"product_tag","embeddable":true,"href":"https:\/\/mlekpol.com.pl\/index.php\/wp-json\/wp\/v2\/product_tag?post=32937"}],"curies":[{"name":"wp","href":"https:\/\/api.w.org\/{rel}","templated":true}]}}