
{"id":32708,"date":"2026-03-27T15:27:43","date_gmt":"2026-03-27T14:27:43","guid":{"rendered":"https:\/\/mlekpol.com.pl\/?post_type=product&#038;p=32708"},"modified":"2026-03-27T15:44:58","modified_gmt":"2026-03-27T14:44:58","slug":"mleko-mazurski-smak-uht-32-1-l-edge","status":"publish","type":"product","link":"https:\/\/mlekpol.com.pl\/index.php\/produkt\/mleko-mazurski-smak-uht-32-1-l-edge\/","title":{"rendered":"Mleko Mazurski Smak UHT 3,2% &#8211; 1 l"},"content":{"rendered":"<p>Produkty, kt\u00f3re mo\u017cemy znale\u017a\u0107 w portfolio marki Mazurski Smak kojarz\u0105 si\u0119 z sielsko\u015bci\u0105, slowlife, powrotem do dzieci\u0144stwa, beztroskim czasem sp\u0119dzonym na wsi.<br \/>\nDla ka\u017cdego, kto t\u0119skni za klasykami kuchni naszych bab\u0107, t\u0119skni za sielskim smakiem i prostymi potrawami\u2026ale lubi doda\u0107 do nich szczypt\u0119 nowoczesno\u015bci.<\/p>\n","protected":false},"excerpt":{"rendered":"<p>Produkty, kt\u00f3re mo\u017cemy znale\u017a\u0107 w portfolio marki Mazurski Smak kojarz\u0105 si\u0119 z sielsko\u015bci\u0105, slowlife, powrotem do dzieci\u0144stwa, beztroskim czasem sp\u0119dzonym na wsi. Dla ka\u017cdego, kto t\u0119skni za klasykami kuchni naszych bab\u0107, t\u0119skni za sielskim smakiem i prostymi potrawami\u2026ale lubi doda\u0107 do nich szczypt\u0119 nowoczesno\u015bci.<\/p>\n","protected":false},"featured_media":32709,"template":"","meta":[],"product_cat":[105,16,25],"product_tag":[],"_links":{"self":[{"href":"https:\/\/mlekpol.com.pl\/index.php\/wp-json\/wp\/v2\/product\/32708"}],"collection":[{"href":"https:\/\/mlekpol.com.pl\/index.php\/wp-json\/wp\/v2\/product"}],"about":[{"href":"https:\/\/mlekpol.com.pl\/index.php\/wp-json\/wp\/v2\/types\/product"}],"wp:featuredmedia":[{"embeddable":true,"href":"https:\/\/mlekpol.com.pl\/index.php\/wp-json\/wp\/v2\/media\/32709"}],"wp:attachment":[{"href":"https:\/\/mlekpol.com.pl\/index.php\/wp-json\/wp\/v2\/media?parent=32708"}],"wp:term":[{"taxonomy":"product_cat","embeddable":true,"href":"https:\/\/mlekpol.com.pl\/index.php\/wp-json\/wp\/v2\/product_cat?post=32708"},{"taxonomy":"product_tag","embeddable":true,"href":"https:\/\/mlekpol.com.pl\/index.php\/wp-json\/wp\/v2\/product_tag?post=32708"}],"curies":[{"name":"wp","href":"https:\/\/api.w.org\/{rel}","templated":true}]}}