
{"id":31451,"date":"2025-10-13T12:02:00","date_gmt":"2025-10-13T10:02:00","guid":{"rendered":"https:\/\/mlekpol.com.pl\/?post_type=product&#038;p=31451"},"modified":"2025-10-14T17:32:40","modified_gmt":"2025-10-14T15:32:40","slug":"serek-homogenizowany-rolmlecz-sliwka-w-czekoladzie","status":"publish","type":"product","link":"https:\/\/mlekpol.com.pl\/index.php\/produkt\/serek-homogenizowany-rolmlecz-sliwka-w-czekoladzie\/","title":{"rendered":"Serek homogenizowany Rolmlecz \u015bliwka w czekoladzie"},"content":{"rendered":"<p>Serek produkowany z wysokiej jako\u015bci mleka od polskich dostawc\u00f3w oraz \u015bmietanki i wyselekcjonowanych kultur bakterii mlekowych. Kremowa konsystencja i naturalny sk\u0142ad to cechy, kt\u00f3re wyr\u00f3\u017cniaj\u0105 serki marki Rolmlecz od ponad 50 lat, a unikalna technologia produkcji gwarantuje niezmiennie ich wysokie standardy jako\u015bciowe. Aromatyczna, s\u0142odko-kwa\u015bna \u015bliwka w towarzystwie aksamitnej czekolady tworzy wyrafinowany duet, kt\u00f3ry jest uk\u0142onem w stron\u0119 mi\u0142o\u015bnik\u00f3w klasycznych deser\u00f3w w nowoczesnej ods\u0142onie. Idealny na s\u0142odk\u0105 chwil\u0119 w ci\u0105gu dnia.<\/p>\n","protected":false},"excerpt":{"rendered":"<p>Serek produkowany z wysokiej jako\u015bci mleka od polskich dostawc\u00f3w oraz \u015bmietanki i wyselekcjonowanych kultur bakterii mlekowych. Kremowa konsystencja i naturalny sk\u0142ad to cechy, kt\u00f3re wyr\u00f3\u017cniaj\u0105 serki marki Rolmlecz od ponad 50 lat, a unikalna technologia produkcji gwarantuje niezmiennie ich wysokie standardy jako\u015bciowe. Aromatyczna, s\u0142odko-kwa\u015bna \u015bliwka w towarzystwie aksamitnej czekolady tworzy wyrafinowany duet, kt\u00f3ry jest uk\u0142onem [&hellip;]<\/p>\n","protected":false},"featured_media":31452,"template":"","meta":[],"product_cat":[109,20],"product_tag":[],"_links":{"self":[{"href":"https:\/\/mlekpol.com.pl\/index.php\/wp-json\/wp\/v2\/product\/31451"}],"collection":[{"href":"https:\/\/mlekpol.com.pl\/index.php\/wp-json\/wp\/v2\/product"}],"about":[{"href":"https:\/\/mlekpol.com.pl\/index.php\/wp-json\/wp\/v2\/types\/product"}],"wp:featuredmedia":[{"embeddable":true,"href":"https:\/\/mlekpol.com.pl\/index.php\/wp-json\/wp\/v2\/media\/31452"}],"wp:attachment":[{"href":"https:\/\/mlekpol.com.pl\/index.php\/wp-json\/wp\/v2\/media?parent=31451"}],"wp:term":[{"taxonomy":"product_cat","embeddable":true,"href":"https:\/\/mlekpol.com.pl\/index.php\/wp-json\/wp\/v2\/product_cat?post=31451"},{"taxonomy":"product_tag","embeddable":true,"href":"https:\/\/mlekpol.com.pl\/index.php\/wp-json\/wp\/v2\/product_tag?post=31451"}],"curies":[{"name":"wp","href":"https:\/\/api.w.org\/{rel}","templated":true}]}}