
{"id":31448,"date":"2025-10-13T11:18:07","date_gmt":"2025-10-13T09:18:07","guid":{"rendered":"https:\/\/mlekpol.com.pl\/?post_type=product&#038;p=31448"},"modified":"2025-10-14T17:31:23","modified_gmt":"2025-10-14T15:31:23","slug":"serek-homogenizowany-rolmlecz-gruszka-w-karmelu","status":"publish","type":"product","link":"https:\/\/mlekpol.com.pl\/index.php\/produkt\/serek-homogenizowany-rolmlecz-gruszka-w-karmelu\/","title":{"rendered":"Serek homogenizowany Rolmlecz gruszka w karmelu"},"content":{"rendered":"<p>Serek powstaje z wysokiej jako\u015bci mleka od polskich dostawc\u00f3w oraz \u015bmietanki i starannie wyselekcjonowanych kultur bakterii mlekowych. Dzi\u0119ki unikalnej technologii produkcji zachowuje nie tylko prosty, naturalny sk\u0142ad, ale r\u00f3wnie\u017c wyj\u0105tkowo kremow\u0105 konsystencj\u0119, za kt\u00f3r\u0105 konsumenci pokochali mark\u0119 Rolmlecz. S\u0142odka gruszka idealnie wsp\u00f3\u0142gra z nut\u0105 karmelu, tworz\u0105c po\u0142\u0105czenie, kt\u00f3re przywodzi na my\u015bl domowe wypieki i jesienne desery. To propozycja dla os\u00f3b poszukuj\u0105cych wykwintnych kompozycji smakowych i ceni\u0105cych sobie sprawdzon\u0105 jako\u015b\u0107 w nowym, oryginalnym wydaniu. Serek doskonale sprawdzi si\u0119 jako s\u0142odka przek\u0105ska o ka\u017cdej porze dnia.<\/p>\n","protected":false},"excerpt":{"rendered":"<p>Serek powstaje z wysokiej jako\u015bci mleka od polskich dostawc\u00f3w oraz \u015bmietanki i starannie wyselekcjonowanych kultur bakterii mlekowych. Dzi\u0119ki unikalnej technologii produkcji zachowuje nie tylko prosty, naturalny sk\u0142ad, ale r\u00f3wnie\u017c wyj\u0105tkowo kremow\u0105 konsystencj\u0119, za kt\u00f3r\u0105 konsumenci pokochali mark\u0119 Rolmlecz. S\u0142odka gruszka idealnie wsp\u00f3\u0142gra z nut\u0105 karmelu, tworz\u0105c po\u0142\u0105czenie, kt\u00f3re przywodzi na my\u015bl domowe wypieki i jesienne [&hellip;]<\/p>\n","protected":false},"featured_media":31450,"template":"","meta":[],"product_cat":[109,20],"product_tag":[],"_links":{"self":[{"href":"https:\/\/mlekpol.com.pl\/index.php\/wp-json\/wp\/v2\/product\/31448"}],"collection":[{"href":"https:\/\/mlekpol.com.pl\/index.php\/wp-json\/wp\/v2\/product"}],"about":[{"href":"https:\/\/mlekpol.com.pl\/index.php\/wp-json\/wp\/v2\/types\/product"}],"wp:featuredmedia":[{"embeddable":true,"href":"https:\/\/mlekpol.com.pl\/index.php\/wp-json\/wp\/v2\/media\/31450"}],"wp:attachment":[{"href":"https:\/\/mlekpol.com.pl\/index.php\/wp-json\/wp\/v2\/media?parent=31448"}],"wp:term":[{"taxonomy":"product_cat","embeddable":true,"href":"https:\/\/mlekpol.com.pl\/index.php\/wp-json\/wp\/v2\/product_cat?post=31448"},{"taxonomy":"product_tag","embeddable":true,"href":"https:\/\/mlekpol.com.pl\/index.php\/wp-json\/wp\/v2\/product_tag?post=31448"}],"curies":[{"name":"wp","href":"https:\/\/api.w.org\/{rel}","templated":true}]}}