
{"id":31188,"date":"2025-09-03T02:27:04","date_gmt":"2025-09-03T00:27:04","guid":{"rendered":"https:\/\/mlekpol.com.pl\/?post_type=product&#038;p=31188"},"modified":"2025-09-03T03:01:32","modified_gmt":"2025-09-03T01:01:32","slug":"maslanka-mragowska-naturalna-bez-laktozy","status":"publish","type":"product","link":"https:\/\/mlekpol.com.pl\/index.php\/produkt\/maslanka-mragowska-naturalna-bez-laktozy\/","title":{"rendered":"Ma\u015blanka Mr\u0105gowska naturalna bez laktozy"},"content":{"rendered":"<p>Ma\u015blanka Mr\u0105gowska naturalna od pocz\u0105tku do ko\u0144ca \u2013 teraz w wersji bez laktozy. To \u015bwie\u017ca propozycja dla tych, kt\u00f3rzy kochaj\u0105 klasyczny smak Ma\u015blanki Naturalnej, ale potrzebuj\u0105 wersji dopasowanej do swojej diety \u2013 bez laktozy. Produkt w procesie technologicznym, przy zachowaniu pe\u0142ni warto\u015bci od\u017cywczych i walor\u00f3w smakowych, pozbawiony zosta\u0142 laktozy, co czyni go napojem odpowiednim dla ka\u017cdego, w tym dla os\u00f3b z nietolerancj\u0105 mlecznego cukru.<\/p>\n","protected":false},"excerpt":{"rendered":"<p>Ma\u015blanka Mr\u0105gowska naturalna od pocz\u0105tku do ko\u0144ca \u2013 teraz w wersji bez laktozy. To \u015bwie\u017ca propozycja dla tych, kt\u00f3rzy kochaj\u0105 klasyczny smak Ma\u015blanki Naturalnej, ale potrzebuj\u0105 wersji dopasowanej do swojej diety \u2013 bez laktozy. Produkt w procesie technologicznym, przy zachowaniu pe\u0142ni warto\u015bci od\u017cywczych i walor\u00f3w smakowych, pozbawiony zosta\u0142 laktozy, co czyni go napojem odpowiednim dla [&hellip;]<\/p>\n","protected":false},"featured_media":31189,"template":"","meta":[],"product_cat":[327,107,36,18],"product_tag":[],"_links":{"self":[{"href":"https:\/\/mlekpol.com.pl\/index.php\/wp-json\/wp\/v2\/product\/31188"}],"collection":[{"href":"https:\/\/mlekpol.com.pl\/index.php\/wp-json\/wp\/v2\/product"}],"about":[{"href":"https:\/\/mlekpol.com.pl\/index.php\/wp-json\/wp\/v2\/types\/product"}],"wp:featuredmedia":[{"embeddable":true,"href":"https:\/\/mlekpol.com.pl\/index.php\/wp-json\/wp\/v2\/media\/31189"}],"wp:attachment":[{"href":"https:\/\/mlekpol.com.pl\/index.php\/wp-json\/wp\/v2\/media?parent=31188"}],"wp:term":[{"taxonomy":"product_cat","embeddable":true,"href":"https:\/\/mlekpol.com.pl\/index.php\/wp-json\/wp\/v2\/product_cat?post=31188"},{"taxonomy":"product_tag","embeddable":true,"href":"https:\/\/mlekpol.com.pl\/index.php\/wp-json\/wp\/v2\/product_tag?post=31188"}],"curies":[{"name":"wp","href":"https:\/\/api.w.org\/{rel}","templated":true}]}}