
{"id":31001,"date":"2025-08-04T10:13:02","date_gmt":"2025-08-04T08:13:02","guid":{"rendered":"https:\/\/mlekpol.com.pl\/?post_type=product&#038;p=31001"},"modified":"2025-10-15T14:36:46","modified_gmt":"2025-10-15T12:36:46","slug":"rownowaga-jogurt-pitny-brzoskwinia-z-nuta-bialej-herbaty-i-melisy-z-magnezem-i-biotyna","status":"publish","type":"product","link":"https:\/\/mlekpol.com.pl\/index.php\/produkt\/rownowaga-jogurt-pitny-brzoskwinia-z-nuta-bialej-herbaty-i-melisy-z-magnezem-i-biotyna\/","title":{"rendered":"R\u00d3WNOWAGA Jogurt pitny brzoskwinia-z nut\u0105 bia\u0142ej herbaty i melisy z magnezem i biotyn\u0105"},"content":{"rendered":"<p>Jogurt funkcjonalny \u0141aciaty R\u00f3wnowaga to odpowied\u017a na rosn\u0105ce zainteresowanie produktami wspieraj\u0105cymi nie tylko kondycj\u0119 fizyczn\u0105, ale tak\u017ce psychiczny dobrostan konsument\u00f3w. R\u00f3wnowaga i regeneracja z magnezem i biotyn\u0105 to po\u0142\u0105czenie brzoskwini z nut\u0105 bia\u0142ej herbaty i melis\u0105, kt\u00f3re naturalnie wspieraj\u0105 regeneracj\u0119 organizmu.<\/p>\n","protected":false},"excerpt":{"rendered":"<p>Jogurt funkcjonalny \u0141aciaty R\u00f3wnowaga to odpowied\u017a na rosn\u0105ce zainteresowanie produktami wspieraj\u0105cymi nie tylko kondycj\u0119 fizyczn\u0105, ale tak\u017ce psychiczny dobrostan konsument\u00f3w. R\u00f3wnowaga i regeneracja z magnezem i biotyn\u0105 to po\u0142\u0105czenie brzoskwini z nut\u0105 bia\u0142ej herbaty i melis\u0105, kt\u00f3re naturalnie wspieraj\u0105 regeneracj\u0119 organizmu.<\/p>\n","protected":false},"featured_media":31003,"template":"","meta":[],"product_cat":[1293,18,48],"product_tag":[],"_links":{"self":[{"href":"https:\/\/mlekpol.com.pl\/index.php\/wp-json\/wp\/v2\/product\/31001"}],"collection":[{"href":"https:\/\/mlekpol.com.pl\/index.php\/wp-json\/wp\/v2\/product"}],"about":[{"href":"https:\/\/mlekpol.com.pl\/index.php\/wp-json\/wp\/v2\/types\/product"}],"wp:featuredmedia":[{"embeddable":true,"href":"https:\/\/mlekpol.com.pl\/index.php\/wp-json\/wp\/v2\/media\/31003"}],"wp:attachment":[{"href":"https:\/\/mlekpol.com.pl\/index.php\/wp-json\/wp\/v2\/media?parent=31001"}],"wp:term":[{"taxonomy":"product_cat","embeddable":true,"href":"https:\/\/mlekpol.com.pl\/index.php\/wp-json\/wp\/v2\/product_cat?post=31001"},{"taxonomy":"product_tag","embeddable":true,"href":"https:\/\/mlekpol.com.pl\/index.php\/wp-json\/wp\/v2\/product_tag?post=31001"}],"curies":[{"name":"wp","href":"https:\/\/api.w.org\/{rel}","templated":true}]}}