
{"id":30993,"date":"2025-08-04T09:47:19","date_gmt":"2025-08-04T07:47:19","guid":{"rendered":"https:\/\/mlekpol.com.pl\/?post_type=product&#038;p=30993"},"modified":"2025-10-15T14:38:34","modified_gmt":"2025-10-15T12:38:34","slug":"energia-jogurt-pitny-yuzu-mango-z-nuta-werbeny-cytrynowej-z-magnezem-i-biotyna","status":"publish","type":"product","link":"https:\/\/mlekpol.com.pl\/index.php\/produkt\/energia-jogurt-pitny-yuzu-mango-z-nuta-werbeny-cytrynowej-z-magnezem-i-biotyna\/","title":{"rendered":"ENERGIA Jogurt pitny yuzu-mango z nut\u0105 werbeny cytrynowej z magnezem i biotyn\u0105"},"content":{"rendered":"<p>Jogurt funkcjonalny \u0141aciaty Energia to odpowied\u017a na rosn\u0105ce zainteresowanie produktami wspieraj\u0105cymi nie tylko kondycj\u0119 fizyczn\u0105, ale tak\u017ce psychiczny dobrostan konsument\u00f3w. Energia i witalno\u015b\u0107 z magnezem i biotyn\u0105 budzi zmys\u0142y mieszank\u0105 egzotycznego yuzu, aromatycznego mango i orze\u017awiaj\u0105cej werbeny cytrynowej.<\/p>\n","protected":false},"excerpt":{"rendered":"<p>Jogurt funkcjonalny \u0141aciaty Energia to odpowied\u017a na rosn\u0105ce zainteresowanie produktami wspieraj\u0105cymi nie tylko kondycj\u0119 fizyczn\u0105, ale tak\u017ce psychiczny dobrostan konsument\u00f3w. Energia i witalno\u015b\u0107 z magnezem i biotyn\u0105 budzi zmys\u0142y mieszank\u0105 egzotycznego yuzu, aromatycznego mango i orze\u017awiaj\u0105cej werbeny cytrynowej.<\/p>\n","protected":false},"featured_media":30994,"template":"","meta":[],"product_cat":[1293,18,48],"product_tag":[],"_links":{"self":[{"href":"https:\/\/mlekpol.com.pl\/index.php\/wp-json\/wp\/v2\/product\/30993"}],"collection":[{"href":"https:\/\/mlekpol.com.pl\/index.php\/wp-json\/wp\/v2\/product"}],"about":[{"href":"https:\/\/mlekpol.com.pl\/index.php\/wp-json\/wp\/v2\/types\/product"}],"wp:featuredmedia":[{"embeddable":true,"href":"https:\/\/mlekpol.com.pl\/index.php\/wp-json\/wp\/v2\/media\/30994"}],"wp:attachment":[{"href":"https:\/\/mlekpol.com.pl\/index.php\/wp-json\/wp\/v2\/media?parent=30993"}],"wp:term":[{"taxonomy":"product_cat","embeddable":true,"href":"https:\/\/mlekpol.com.pl\/index.php\/wp-json\/wp\/v2\/product_cat?post=30993"},{"taxonomy":"product_tag","embeddable":true,"href":"https:\/\/mlekpol.com.pl\/index.php\/wp-json\/wp\/v2\/product_tag?post=30993"}],"curies":[{"name":"wp","href":"https:\/\/api.w.org\/{rel}","templated":true}]}}