
{"id":30936,"date":"2025-07-25T15:09:15","date_gmt":"2025-07-25T13:09:15","guid":{"rendered":"https:\/\/mlekpol.com.pl\/?post_type=product&#038;p=30936"},"modified":"2025-07-25T15:16:58","modified_gmt":"2025-07-25T13:16:58","slug":"jogurt-pitny-laciaty-protein-jagoda-ze-smietanka-360-g","status":"publish","type":"product","link":"https:\/\/mlekpol.com.pl\/index.php\/produkt\/jogurt-pitny-laciaty-protein-jagoda-ze-smietanka-360-g\/","title":{"rendered":"Jogurt pitny \u0142aciaty protein+ jagoda ze \u015bmietank\u0105 360 g"},"content":{"rendered":"","protected":false},"excerpt":{"rendered":"","protected":false},"featured_media":30937,"template":"","meta":[],"product_cat":[34,18,48],"product_tag":[],"_links":{"self":[{"href":"https:\/\/mlekpol.com.pl\/index.php\/wp-json\/wp\/v2\/product\/30936"}],"collection":[{"href":"https:\/\/mlekpol.com.pl\/index.php\/wp-json\/wp\/v2\/product"}],"about":[{"href":"https:\/\/mlekpol.com.pl\/index.php\/wp-json\/wp\/v2\/types\/product"}],"wp:featuredmedia":[{"embeddable":true,"href":"https:\/\/mlekpol.com.pl\/index.php\/wp-json\/wp\/v2\/media\/30937"}],"wp:attachment":[{"href":"https:\/\/mlekpol.com.pl\/index.php\/wp-json\/wp\/v2\/media?parent=30936"}],"wp:term":[{"taxonomy":"product_cat","embeddable":true,"href":"https:\/\/mlekpol.com.pl\/index.php\/wp-json\/wp\/v2\/product_cat?post=30936"},{"taxonomy":"product_tag","embeddable":true,"href":"https:\/\/mlekpol.com.pl\/index.php\/wp-json\/wp\/v2\/product_tag?post=30936"}],"curies":[{"name":"wp","href":"https:\/\/api.w.org\/{rel}","templated":true}]}}