
{"id":30167,"date":"2025-04-03T01:14:00","date_gmt":"2025-04-02T23:14:00","guid":{"rendered":"https:\/\/mlekpol.com.pl\/?post_type=product&#038;p=30167"},"modified":"2025-04-03T01:14:00","modified_gmt":"2025-04-02T23:14:00","slug":"maslo-laciate-klarowane-500-g","status":"publish","type":"product","link":"https:\/\/mlekpol.com.pl\/index.php\/produkt\/maslo-laciate-klarowane-500-g\/","title":{"rendered":"Mas\u0142o \u0141aciate klarowane 500 g"},"content":{"rendered":"<p><span class=\"m_-4599499046153959993m-6724159830588331775gmail-il\">Mas\u0142o<\/span>\u00a0<span class=\"m_-4599499046153959993m-6724159830588331775gmail-il\">klarowane<\/span>\u00a0\u0141aciate \u015bwietnie sprawdza si\u0119 podczas sma\u017cenia mi\u0119s, ryb i warzyw w wysokich temperaturach, a tak\u017ce jako dodatek do r\u00f3\u017cnego rodzaju sos\u00f3w, zar\u00f3wno gor\u0105cych, jak i zimnych. Jest niezast\u0105pione przy pieczeniu ciast i innych wypiek\u00f3w, kt\u00f3rym nadaje charakterystyczny ma\u015blany aromat. Wzbogaca ponadto smak zup i gulasz\u00f3w.<u><\/u><u><\/u><\/p>\n<p>Co wa\u017cne,\u00a0<span class=\"m_-4599499046153959993m-6724159830588331775gmail-il\">mas\u0142o<\/span>\u00a0<span class=\"m_-4599499046153959993m-6724159830588331775gmail-il\">klarowane<\/span>\u00a0\u0141aciate nie zawiera konserwant\u00f3w i powstaje wy\u0142\u0105cznie z mleka. Jest zatem odpowiedzi\u0105 na potrzeby konsument\u00f3w poszukuj\u0105cych naturalnych produkt\u00f3w o szerokim zastosowaniu kulinarnym.<u><\/u><u><\/u><\/p>\n","protected":false},"excerpt":{"rendered":"<p>Mas\u0142o\u00a0klarowane\u00a0\u0141aciate \u015bwietnie sprawdza si\u0119 podczas sma\u017cenia mi\u0119s, ryb i warzyw w wysokich temperaturach, a tak\u017ce jako dodatek do r\u00f3\u017cnego rodzaju sos\u00f3w, zar\u00f3wno gor\u0105cych, jak i zimnych. Jest niezast\u0105pione przy pieczeniu ciast i innych wypiek\u00f3w, kt\u00f3rym nadaje charakterystyczny ma\u015blany aromat. Wzbogaca ponadto smak zup i gulasz\u00f3w. Co wa\u017cne,\u00a0mas\u0142o\u00a0klarowane\u00a0\u0141aciate nie zawiera konserwant\u00f3w i powstaje wy\u0142\u0105cznie z mleka. [&hellip;]<\/p>\n","protected":false},"featured_media":30168,"template":"","meta":[],"product_cat":[19,38,48],"product_tag":[],"_links":{"self":[{"href":"https:\/\/mlekpol.com.pl\/index.php\/wp-json\/wp\/v2\/product\/30167"}],"collection":[{"href":"https:\/\/mlekpol.com.pl\/index.php\/wp-json\/wp\/v2\/product"}],"about":[{"href":"https:\/\/mlekpol.com.pl\/index.php\/wp-json\/wp\/v2\/types\/product"}],"wp:featuredmedia":[{"embeddable":true,"href":"https:\/\/mlekpol.com.pl\/index.php\/wp-json\/wp\/v2\/media\/30168"}],"wp:attachment":[{"href":"https:\/\/mlekpol.com.pl\/index.php\/wp-json\/wp\/v2\/media?parent=30167"}],"wp:term":[{"taxonomy":"product_cat","embeddable":true,"href":"https:\/\/mlekpol.com.pl\/index.php\/wp-json\/wp\/v2\/product_cat?post=30167"},{"taxonomy":"product_tag","embeddable":true,"href":"https:\/\/mlekpol.com.pl\/index.php\/wp-json\/wp\/v2\/product_tag?post=30167"}],"curies":[{"name":"wp","href":"https:\/\/api.w.org\/{rel}","templated":true}]}}