
{"id":28489,"date":"2024-10-08T09:45:41","date_gmt":"2024-10-08T07:45:41","guid":{"rendered":"https:\/\/mlekpol.com.pl\/?post_type=product&#038;p=28489"},"modified":"2024-10-08T12:02:15","modified_gmt":"2024-10-08T10:02:15","slug":"twarog-laciaty-poltlusty-kostka","status":"publish","type":"product","link":"https:\/\/mlekpol.com.pl\/index.php\/produkt\/twarog-laciaty-poltlusty-kostka\/","title":{"rendered":"Twar\u00f3g \u0141aciaty p\u00f3\u0142t\u0142usty kostka"},"content":{"rendered":"<p>Twar\u00f3g p\u00f3\u0142t\u0142usty powstaj\u0105cy z polskiego mleka wed\u0142ug tradycyjnej receptury. Najch\u0119tniej wybierany przez konsument\u00f3w. Wyr\u00f3\u017cnia si\u0119 kr\u00f3tk\u0105 list\u0105 wy\u0142\u0105cznie naturalnych sk\u0142adnik\u00f3w, w tym dobroczynnych kultur bakterii fermentacji mlekowej. Zawiera cenne bia\u0142ko. Pakowany w opakowanie typu kostka 250 g. Ze wzgl\u0119du na swoj\u0105 uniwersalno\u015b\u0107 u\u017cycia jest niezast\u0105piony w ka\u017cdej polskiej kuchni.<\/p>\n","protected":false},"excerpt":{"rendered":"<p>Twar\u00f3g p\u00f3\u0142t\u0142usty powstaj\u0105cy z polskiego mleka wed\u0142ug tradycyjnej receptury. Najch\u0119tniej wybierany przez konsument\u00f3w. Wyr\u00f3\u017cnia si\u0119 kr\u00f3tk\u0105 list\u0105 wy\u0142\u0105cznie naturalnych sk\u0142adnik\u00f3w, w tym dobroczynnych kultur bakterii fermentacji mlekowej. Zawiera cenne bia\u0142ko. Pakowany w opakowanie typu kostka 250 g. Ze wzgl\u0119du na swoj\u0105 uniwersalno\u015b\u0107 u\u017cycia jest niezast\u0105piony w ka\u017cdej polskiej kuchni.<\/p>\n","protected":false},"featured_media":28491,"template":"","meta":[],"product_cat":[40,21,48],"product_tag":[],"_links":{"self":[{"href":"https:\/\/mlekpol.com.pl\/index.php\/wp-json\/wp\/v2\/product\/28489"}],"collection":[{"href":"https:\/\/mlekpol.com.pl\/index.php\/wp-json\/wp\/v2\/product"}],"about":[{"href":"https:\/\/mlekpol.com.pl\/index.php\/wp-json\/wp\/v2\/types\/product"}],"wp:featuredmedia":[{"embeddable":true,"href":"https:\/\/mlekpol.com.pl\/index.php\/wp-json\/wp\/v2\/media\/28491"}],"wp:attachment":[{"href":"https:\/\/mlekpol.com.pl\/index.php\/wp-json\/wp\/v2\/media?parent=28489"}],"wp:term":[{"taxonomy":"product_cat","embeddable":true,"href":"https:\/\/mlekpol.com.pl\/index.php\/wp-json\/wp\/v2\/product_cat?post=28489"},{"taxonomy":"product_tag","embeddable":true,"href":"https:\/\/mlekpol.com.pl\/index.php\/wp-json\/wp\/v2\/product_tag?post=28489"}],"curies":[{"name":"wp","href":"https:\/\/api.w.org\/{rel}","templated":true}]}}