
{"id":28346,"date":"2024-09-16T18:18:49","date_gmt":"2024-09-16T16:18:49","guid":{"rendered":"https:\/\/mlekpol.com.pl\/?post_type=product&#038;p=28346"},"modified":"2024-09-16T18:45:00","modified_gmt":"2024-09-16T16:45:00","slug":"smietana-laciata-18-1kg","status":"publish","type":"product","link":"https:\/\/mlekpol.com.pl\/index.php\/produkt\/smietana-laciata-18-1kg\/","title":{"rendered":"\u015amietana \u0141aciata 18%"},"content":{"rendered":"<p style=\"font-weight: 400;\">Prawdziwa, naturalna \u015bmietana o prostym sk\u0142adzie.\u00a0 Z tego wzgl\u0119du \u015bmietana \u0141aciata 18 % 1 kg w praktycznym wiaderku to oczywisty\u2026 i prosty wyb\u00f3r!<\/p>\n<p style=\"font-weight: 400;\">Delikatno\u015b\u0107, znakomity smak i aromat to cechy \u015bmietany \u0141aciatej. \u015amietanka i\u00a0\u017cywe kultury dobroczynnych bakterii to jej\u00a0jedyne sk\u0142adniki. \u015amietany \u0141aciate maj\u0105 tradycyjny smak polskiej, wiejskiej, kwa\u015bnej \u015bmietany. To\u00a0idealne dope\u0142nienie gor\u0105cych zup i\u00a0sos\u00f3w, a\u00a0tak\u017ce ch\u0142odnik\u00f3w, dip\u00f3w do\u00a0da\u0144 z\u00a0grilla czy\u00a0placuszk\u00f3w z\u00a0sezonowych warzyw.<\/p>\n<p style=\"font-weight: 400;\">Du\u017ce, 1-kilogramowe opakowanie to odpowied\u017a na potrzeby bran\u017cy Horeca, ale r\u00f3wnie\u017c oferta skierowana do gospodarstw domowych ceni\u0105cych sobie zalety naturalnej kwa\u015bnej \u015bmietany \u0141aciatej w codziennej kuchni.<\/p>\n","protected":false},"excerpt":{"rendered":"<p>Prawdziwa, naturalna \u015bmietana o prostym sk\u0142adzie.\u00a0 Z tego wzgl\u0119du \u015bmietana \u0141aciata 18 % 1 kg w praktycznym wiaderku to oczywisty\u2026 i prosty wyb\u00f3r! Delikatno\u015b\u0107, znakomity smak i aromat to cechy \u015bmietany \u0141aciatej. \u015amietanka i\u00a0\u017cywe kultury dobroczynnych bakterii to jej\u00a0jedyne sk\u0142adniki. \u015amietany \u0141aciate maj\u0105 tradycyjny smak polskiej, wiejskiej, kwa\u015bnej \u015bmietany. To\u00a0idealne dope\u0142nienie gor\u0105cych zup i\u00a0sos\u00f3w, a\u00a0tak\u017ce [&hellip;]<\/p>\n","protected":false},"featured_media":28348,"template":"","meta":[],"product_cat":[17,48],"product_tag":[],"_links":{"self":[{"href":"https:\/\/mlekpol.com.pl\/index.php\/wp-json\/wp\/v2\/product\/28346"}],"collection":[{"href":"https:\/\/mlekpol.com.pl\/index.php\/wp-json\/wp\/v2\/product"}],"about":[{"href":"https:\/\/mlekpol.com.pl\/index.php\/wp-json\/wp\/v2\/types\/product"}],"wp:featuredmedia":[{"embeddable":true,"href":"https:\/\/mlekpol.com.pl\/index.php\/wp-json\/wp\/v2\/media\/28348"}],"wp:attachment":[{"href":"https:\/\/mlekpol.com.pl\/index.php\/wp-json\/wp\/v2\/media?parent=28346"}],"wp:term":[{"taxonomy":"product_cat","embeddable":true,"href":"https:\/\/mlekpol.com.pl\/index.php\/wp-json\/wp\/v2\/product_cat?post=28346"},{"taxonomy":"product_tag","embeddable":true,"href":"https:\/\/mlekpol.com.pl\/index.php\/wp-json\/wp\/v2\/product_tag?post=28346"}],"curies":[{"name":"wp","href":"https:\/\/api.w.org\/{rel}","templated":true}]}}