
{"id":28333,"date":"2024-09-16T17:35:35","date_gmt":"2024-09-16T15:35:35","guid":{"rendered":"https:\/\/mlekpol.com.pl\/?post_type=product&#038;p=28333"},"modified":"2024-09-20T18:02:01","modified_gmt":"2024-09-20T16:02:01","slug":"klinek-twarog-chudy-laciaty","status":"publish","type":"product","link":"https:\/\/mlekpol.com.pl\/index.php\/produkt\/klinek-twarog-chudy-laciaty\/","title":{"rendered":"Klinek twar\u00f3g chudy \u0141aciaty"},"content":{"rendered":"<p>Twar\u00f3g chudy powstaj\u0105cy z polskiego mleka wed\u0142ug tradycyjnej receptury. Wyr\u00f3\u017cnia si\u0119 kr\u00f3tk\u0105 list\u0105 wy\u0142\u0105cznie naturalnych sk\u0142adnik\u00f3w, w tym dobroczynnych kultur bakterii fermentacji mlekowej. Zawiera du\u017c\u0105 ilo\u015b\u0107 bia\u0142ka, przy jednoczesnej niskiej zawarto\u015bci t\u0142uszczu. Pakowany w funkcjonalne opakowania typu klinek 250 g, kt\u00f3re gwarantuje \u015bwie\u017co\u015b\u0107 i wygodne przechowywanie. Niezast\u0105piony w ka\u017cdej polskiej kuchni, szczeg\u00f3lnie polecany w diecie os\u00f3b dbaj\u0105cych o lini\u0119.<\/p>\n","protected":false},"excerpt":{"rendered":"<p>Twar\u00f3g chudy powstaj\u0105cy z polskiego mleka wed\u0142ug tradycyjnej receptury. Wyr\u00f3\u017cnia si\u0119 kr\u00f3tk\u0105 list\u0105 wy\u0142\u0105cznie naturalnych sk\u0142adnik\u00f3w, w tym dobroczynnych kultur bakterii fermentacji mlekowej. Zawiera du\u017c\u0105 ilo\u015b\u0107 bia\u0142ka, przy jednoczesnej niskiej zawarto\u015bci t\u0142uszczu. Pakowany w funkcjonalne opakowania typu klinek 250 g, kt\u00f3re gwarantuje \u015bwie\u017co\u015b\u0107 i wygodne przechowywanie. Niezast\u0105piony w ka\u017cdej polskiej kuchni, szczeg\u00f3lnie polecany w diecie [&hellip;]<\/p>\n","protected":false},"featured_media":28334,"template":"","meta":[],"product_cat":[171,21,48],"product_tag":[],"_links":{"self":[{"href":"https:\/\/mlekpol.com.pl\/index.php\/wp-json\/wp\/v2\/product\/28333"}],"collection":[{"href":"https:\/\/mlekpol.com.pl\/index.php\/wp-json\/wp\/v2\/product"}],"about":[{"href":"https:\/\/mlekpol.com.pl\/index.php\/wp-json\/wp\/v2\/types\/product"}],"wp:featuredmedia":[{"embeddable":true,"href":"https:\/\/mlekpol.com.pl\/index.php\/wp-json\/wp\/v2\/media\/28334"}],"wp:attachment":[{"href":"https:\/\/mlekpol.com.pl\/index.php\/wp-json\/wp\/v2\/media?parent=28333"}],"wp:term":[{"taxonomy":"product_cat","embeddable":true,"href":"https:\/\/mlekpol.com.pl\/index.php\/wp-json\/wp\/v2\/product_cat?post=28333"},{"taxonomy":"product_tag","embeddable":true,"href":"https:\/\/mlekpol.com.pl\/index.php\/wp-json\/wp\/v2\/product_tag?post=28333"}],"curies":[{"name":"wp","href":"https:\/\/api.w.org\/{rel}","templated":true}]}}