
{"id":28327,"date":"2024-09-16T15:06:39","date_gmt":"2024-09-16T13:06:39","guid":{"rendered":"https:\/\/mlekpol.com.pl\/?post_type=product&#038;p=28327"},"modified":"2024-09-20T18:01:33","modified_gmt":"2024-09-20T16:01:33","slug":"klinek-twarog-poltlusty-laciaty","status":"publish","type":"product","link":"https:\/\/mlekpol.com.pl\/index.php\/produkt\/klinek-twarog-poltlusty-laciaty\/","title":{"rendered":"Klinek Twar\u00f3g P\u00f3\u0142t\u0142usty \u0141aciaty"},"content":{"rendered":"<p>Twar\u00f3g p\u00f3\u0142t\u0142usty powstaj\u0105cy z polskiego mleka wed\u0142ug tradycyjnej receptury. Wyr\u00f3\u017cnia si\u0119 kr\u00f3tk\u0105 list\u0105 wy\u0142\u0105cznie naturalnych sk\u0142adnik\u00f3w, w tym dobroczynnych kultur bakterii fermentacji mlekowej. Doskona\u0142e \u017ar\u00f3d\u0142o bia\u0142ka. Pakowany w funkcjonalne opakowania typu klinek 250 g, kt\u00f3re gwarantuje \u015bwie\u017co\u015b\u0107 i wygodne przechowywanie. Niezast\u0105piony w ka\u017cdej polskiej kuchni, jest najch\u0119tniej wybieranym typem twarogu w\u015br\u00f3d polskich konsument\u00f3w.<\/p>\n","protected":false},"excerpt":{"rendered":"<p>Twar\u00f3g p\u00f3\u0142t\u0142usty powstaj\u0105cy z polskiego mleka wed\u0142ug tradycyjnej receptury. Wyr\u00f3\u017cnia si\u0119 kr\u00f3tk\u0105 list\u0105 wy\u0142\u0105cznie naturalnych sk\u0142adnik\u00f3w, w tym dobroczynnych kultur bakterii fermentacji mlekowej. Doskona\u0142e \u017ar\u00f3d\u0142o bia\u0142ka. Pakowany w funkcjonalne opakowania typu klinek 250 g, kt\u00f3re gwarantuje \u015bwie\u017co\u015b\u0107 i wygodne przechowywanie. Niezast\u0105piony w ka\u017cdej polskiej kuchni, jest najch\u0119tniej wybieranym typem twarogu w\u015br\u00f3d polskich konsument\u00f3w.<\/p>\n","protected":false},"featured_media":28328,"template":"","meta":[],"product_cat":[40,21,48],"product_tag":[],"_links":{"self":[{"href":"https:\/\/mlekpol.com.pl\/index.php\/wp-json\/wp\/v2\/product\/28327"}],"collection":[{"href":"https:\/\/mlekpol.com.pl\/index.php\/wp-json\/wp\/v2\/product"}],"about":[{"href":"https:\/\/mlekpol.com.pl\/index.php\/wp-json\/wp\/v2\/types\/product"}],"wp:featuredmedia":[{"embeddable":true,"href":"https:\/\/mlekpol.com.pl\/index.php\/wp-json\/wp\/v2\/media\/28328"}],"wp:attachment":[{"href":"https:\/\/mlekpol.com.pl\/index.php\/wp-json\/wp\/v2\/media?parent=28327"}],"wp:term":[{"taxonomy":"product_cat","embeddable":true,"href":"https:\/\/mlekpol.com.pl\/index.php\/wp-json\/wp\/v2\/product_cat?post=28327"},{"taxonomy":"product_tag","embeddable":true,"href":"https:\/\/mlekpol.com.pl\/index.php\/wp-json\/wp\/v2\/product_tag?post=28327"}],"curies":[{"name":"wp","href":"https:\/\/api.w.org\/{rel}","templated":true}]}}