
{"id":28315,"date":"2024-09-15T19:50:30","date_gmt":"2024-09-15T17:50:30","guid":{"rendered":"https:\/\/mlekpol.com.pl\/?post_type=product&#038;p=28315"},"modified":"2024-09-15T20:00:54","modified_gmt":"2024-09-15T18:00:54","slug":"deser-laciaty-z-truskawkami-i-smietanka","status":"publish","type":"product","link":"https:\/\/mlekpol.com.pl\/index.php\/produkt\/deser-laciaty-z-truskawkami-i-smietanka\/","title":{"rendered":"Deser \u0141aciaty z truskawkami i \u015bmietank\u0105"},"content":{"rendered":"","protected":false},"excerpt":{"rendered":"","protected":false},"featured_media":28317,"template":"","meta":[],"product_cat":[1244,101,18,48],"product_tag":[],"_links":{"self":[{"href":"https:\/\/mlekpol.com.pl\/index.php\/wp-json\/wp\/v2\/product\/28315"}],"collection":[{"href":"https:\/\/mlekpol.com.pl\/index.php\/wp-json\/wp\/v2\/product"}],"about":[{"href":"https:\/\/mlekpol.com.pl\/index.php\/wp-json\/wp\/v2\/types\/product"}],"wp:featuredmedia":[{"embeddable":true,"href":"https:\/\/mlekpol.com.pl\/index.php\/wp-json\/wp\/v2\/media\/28317"}],"wp:attachment":[{"href":"https:\/\/mlekpol.com.pl\/index.php\/wp-json\/wp\/v2\/media?parent=28315"}],"wp:term":[{"taxonomy":"product_cat","embeddable":true,"href":"https:\/\/mlekpol.com.pl\/index.php\/wp-json\/wp\/v2\/product_cat?post=28315"},{"taxonomy":"product_tag","embeddable":true,"href":"https:\/\/mlekpol.com.pl\/index.php\/wp-json\/wp\/v2\/product_tag?post=28315"}],"curies":[{"name":"wp","href":"https:\/\/api.w.org\/{rel}","templated":true}]}}