
{"id":27564,"date":"2024-06-04T14:28:39","date_gmt":"2024-06-04T12:28:39","guid":{"rendered":"https:\/\/mlekpol.com.pl\/?post_type=product&#038;p=27564"},"modified":"2024-06-17T19:01:55","modified_gmt":"2024-06-17T17:01:55","slug":"kefir-laciaty","status":"publish","type":"product","link":"https:\/\/mlekpol.com.pl\/index.php\/produkt\/kefir-laciaty\/","title":{"rendered":"Naturalny Kefir pitny \u0141aciaty o pojemno\u015bci 360g"},"content":{"rendered":"<p style=\"font-weight: 400;\">Nowy \u0141aciaty kefir pitny naturalny od Mlekpolu, wytwarzany jest z wysokiej jako\u015bci sk\u0142adnik\u00f3w, bez dodatku konserwant\u00f3w, sztucznych barwnik\u00f3w czy aromat\u00f3w.<\/p>\n<p style=\"font-weight: 400;\">Produkt ma na celu dostarczenie konsumentom zdrowego napoju, wspieraj\u0105cy uk\u0142ad trawienny i og\u00f3lny stan zdrowia. Fermentowany nap\u00f3j mleczny\u00a0 o orze\u017awiaj\u0105cym smaku. Niezast\u0105piony na polskich sto\u0142ach zw\u0142aszcza latem. Kefir jest niskokaloryczny, zawiera wiele cennych witamin i sk\u0142adnik\u00f3w mineralnych. Idealny wyb\u00f3r na lato, jest lekki i gasi pragnienie.<\/p>\n","protected":false},"excerpt":{"rendered":"<p>Nowy \u0141aciaty kefir pitny naturalny od Mlekpolu, wytwarzany jest z wysokiej jako\u015bci sk\u0142adnik\u00f3w, bez dodatku konserwant\u00f3w, sztucznych barwnik\u00f3w czy aromat\u00f3w. Produkt ma na celu dostarczenie konsumentom zdrowego napoju, wspieraj\u0105cy uk\u0142ad trawienny i og\u00f3lny stan zdrowia. Fermentowany nap\u00f3j mleczny\u00a0 o orze\u017awiaj\u0105cym smaku. Niezast\u0105piony na polskich sto\u0142ach zw\u0142aszcza latem. Kefir jest niskokaloryczny, zawiera wiele cennych witamin i [&hellip;]<\/p>\n","protected":false},"featured_media":27566,"template":"","meta":[],"product_cat":[35,18,48],"product_tag":[],"_links":{"self":[{"href":"https:\/\/mlekpol.com.pl\/index.php\/wp-json\/wp\/v2\/product\/27564"}],"collection":[{"href":"https:\/\/mlekpol.com.pl\/index.php\/wp-json\/wp\/v2\/product"}],"about":[{"href":"https:\/\/mlekpol.com.pl\/index.php\/wp-json\/wp\/v2\/types\/product"}],"wp:featuredmedia":[{"embeddable":true,"href":"https:\/\/mlekpol.com.pl\/index.php\/wp-json\/wp\/v2\/media\/27566"}],"wp:attachment":[{"href":"https:\/\/mlekpol.com.pl\/index.php\/wp-json\/wp\/v2\/media?parent=27564"}],"wp:term":[{"taxonomy":"product_cat","embeddable":true,"href":"https:\/\/mlekpol.com.pl\/index.php\/wp-json\/wp\/v2\/product_cat?post=27564"},{"taxonomy":"product_tag","embeddable":true,"href":"https:\/\/mlekpol.com.pl\/index.php\/wp-json\/wp\/v2\/product_tag?post=27564"}],"curies":[{"name":"wp","href":"https:\/\/api.w.org\/{rel}","templated":true}]}}