
{"id":27438,"date":"2024-05-14T00:31:01","date_gmt":"2024-05-13T22:31:01","guid":{"rendered":"https:\/\/mlekpol.com.pl\/?post_type=product&#038;p=27438"},"modified":"2024-06-17T18:58:56","modified_gmt":"2024-06-17T16:58:56","slug":"mleko-uht-laciate-32-barista-1l","status":"publish","type":"product","link":"https:\/\/mlekpol.com.pl\/index.php\/produkt\/mleko-uht-laciate-32-barista-1l\/","title":{"rendered":"Mleko UHT \u0141aciate 3,2% Barista &#8211; 1l"},"content":{"rendered":"<p>\u0141aciate Barista 3,2% 1 litr produkowane jest z najlepszego polskiego surowca, charakteryzuje si\u0119 wy\u017csz\u0105 zawarto\u015bci\u0105 bia\u0142ka (3,6%), naturalnym smakiem i aromatem. Dzi\u0119ki temu nadaje kawie wyj\u0105tkowe walory, niezale\u017cnie od tego, czy przyjdzie nam ochota na cappuccino, latte czy te\u017c macchiato. Mleko marki \u0141aciate Barista doskonale sprawdzi si\u0119 zar\u00f3wno jako dodatek do kaw tradycyjnych, jak i mro\u017conych, ale tak\u017ce w koktajlach lub deserach. Zachowuje ono swoje w\u0142a\u015bciwo\u015bci r\u00f3wnie\u017c w procesie gotowania lub pieczenia, co czyni je wszechstronnym sk\u0142adnikiem kulinarnym. Nieotwierane mo\u017ce by\u0107 przechowywane nawet do 6 miesi\u0119cy.<\/p>\n","protected":false},"excerpt":{"rendered":"<p>\u0141aciate Barista 3,2% 1 litr produkowane jest z najlepszego polskiego surowca, charakteryzuje si\u0119 wy\u017csz\u0105 zawarto\u015bci\u0105 bia\u0142ka (3,6%), naturalnym smakiem i aromatem. Dzi\u0119ki temu nadaje kawie wyj\u0105tkowe walory, niezale\u017cnie od tego, czy przyjdzie nam ochota na cappuccino, latte czy te\u017c macchiato. Mleko marki \u0141aciate Barista doskonale sprawdzi si\u0119 zar\u00f3wno jako dodatek do kaw tradycyjnych, jak i [&hellip;]<\/p>\n","protected":false},"featured_media":27655,"template":"","meta":[],"product_cat":[16,25,48],"product_tag":[],"_links":{"self":[{"href":"https:\/\/mlekpol.com.pl\/index.php\/wp-json\/wp\/v2\/product\/27438"}],"collection":[{"href":"https:\/\/mlekpol.com.pl\/index.php\/wp-json\/wp\/v2\/product"}],"about":[{"href":"https:\/\/mlekpol.com.pl\/index.php\/wp-json\/wp\/v2\/types\/product"}],"wp:featuredmedia":[{"embeddable":true,"href":"https:\/\/mlekpol.com.pl\/index.php\/wp-json\/wp\/v2\/media\/27655"}],"wp:attachment":[{"href":"https:\/\/mlekpol.com.pl\/index.php\/wp-json\/wp\/v2\/media?parent=27438"}],"wp:term":[{"taxonomy":"product_cat","embeddable":true,"href":"https:\/\/mlekpol.com.pl\/index.php\/wp-json\/wp\/v2\/product_cat?post=27438"},{"taxonomy":"product_tag","embeddable":true,"href":"https:\/\/mlekpol.com.pl\/index.php\/wp-json\/wp\/v2\/product_tag?post=27438"}],"curies":[{"name":"wp","href":"https:\/\/api.w.org\/{rel}","templated":true}]}}