
{"id":27071,"date":"2024-03-13T21:54:15","date_gmt":"2024-03-13T20:54:15","guid":{"rendered":"https:\/\/mlekpol.com.pl\/?post_type=product&#038;p=27071"},"modified":"2024-04-03T10:49:55","modified_gmt":"2024-04-03T08:49:55","slug":"serek-puszysty-smietankowy-laciaty-burak-z-chrzanem","status":"publish","type":"product","link":"https:\/\/mlekpol.com.pl\/index.php\/produkt\/serek-puszysty-smietankowy-laciaty-burak-z-chrzanem\/","title":{"rendered":"Serek puszysty \u015bmietankowy \u0141aciaty burak z chrzanem"},"content":{"rendered":"<p>Powsta\u0142 z najlepszej \u015bmietanki, bez zag\u0119stnik\u00f3w i konserwant\u00f3w. Lekki, delikatny o chrzanowym smaku. Doskona\u0142y do kanapek z w\u0119dlin\u0105, jako dope\u0142nienie sos\u00f3w, baza dip\u00f3w do \u015bwie\u017cych warzyw i potraw z grilla.<\/p>\n","protected":false},"excerpt":{"rendered":"<p>Powsta\u0142 z najlepszej \u015bmietanki, bez zag\u0119stnik\u00f3w i konserwant\u00f3w. Lekki, delikatny o chrzanowym smaku. Doskona\u0142y do kanapek z w\u0119dlin\u0105, jako dope\u0142nienie sos\u00f3w, baza dip\u00f3w do \u015bwie\u017cych warzyw i potraw z grilla.<\/p>\n","protected":false},"featured_media":27072,"template":"","meta":[],"product_cat":[23,48],"product_tag":[],"_links":{"self":[{"href":"https:\/\/mlekpol.com.pl\/index.php\/wp-json\/wp\/v2\/product\/27071"}],"collection":[{"href":"https:\/\/mlekpol.com.pl\/index.php\/wp-json\/wp\/v2\/product"}],"about":[{"href":"https:\/\/mlekpol.com.pl\/index.php\/wp-json\/wp\/v2\/types\/product"}],"wp:featuredmedia":[{"embeddable":true,"href":"https:\/\/mlekpol.com.pl\/index.php\/wp-json\/wp\/v2\/media\/27072"}],"wp:attachment":[{"href":"https:\/\/mlekpol.com.pl\/index.php\/wp-json\/wp\/v2\/media?parent=27071"}],"wp:term":[{"taxonomy":"product_cat","embeddable":true,"href":"https:\/\/mlekpol.com.pl\/index.php\/wp-json\/wp\/v2\/product_cat?post=27071"},{"taxonomy":"product_tag","embeddable":true,"href":"https:\/\/mlekpol.com.pl\/index.php\/wp-json\/wp\/v2\/product_tag?post=27071"}],"curies":[{"name":"wp","href":"https:\/\/api.w.org\/{rel}","templated":true}]}}