
{"id":26657,"date":"2024-01-18T16:26:13","date_gmt":"2024-01-18T15:26:13","guid":{"rendered":"https:\/\/mlekpol.com.pl\/?post_type=product&#038;p=26657"},"modified":"2025-10-13T11:10:54","modified_gmt":"2025-10-13T09:10:54","slug":"serek-homogenizowany-z-kawalkami-czekolady-200g","status":"publish","type":"product","link":"https:\/\/mlekpol.com.pl\/index.php\/produkt\/serek-homogenizowany-z-kawalkami-czekolady-200g\/","title":{"rendered":"Serek homogenizowany Rolmlecz z kawa\u0142kami czekolady"},"content":{"rendered":"<p>Aksamitna, delikatna przek\u0105ska z kawa\u0142kami czekolady. Produkowana z wysokiej jako\u015bci krajowego mleka, nie zawiera konserwant\u00f3w ani zb\u0119dnych dodatk\u00f3w, dzi\u0119ki czemu wyr\u00f3\u017cnia si\u0119 tak dobrym smakiem. Serek z kr\u00f3wk\u0105 stracciatella mo\u017cna je\u015b\u0107 samodzielnie lub z owocami, p\u0142atkami, orzechami czy \u015bwie\u017cym pieczywem. Nadaje si\u0119 te\u017c do smoothies, s\u0142odkich dip\u00f3w i sos\u00f3w oraz nale\u015bnik\u00f3w.<\/p>\n","protected":false},"excerpt":{"rendered":"<p>Aksamitna, delikatna przek\u0105ska z kawa\u0142kami czekolady. Produkowana z wysokiej jako\u015bci krajowego mleka, nie zawiera konserwant\u00f3w ani zb\u0119dnych dodatk\u00f3w, dzi\u0119ki czemu wyr\u00f3\u017cnia si\u0119 tak dobrym smakiem. Serek z kr\u00f3wk\u0105 stracciatella mo\u017cna je\u015b\u0107 samodzielnie lub z owocami, p\u0142atkami, orzechami czy \u015bwie\u017cym pieczywem. Nadaje si\u0119 te\u017c do smoothies, s\u0142odkich dip\u00f3w i sos\u00f3w oraz nale\u015bnik\u00f3w.<\/p>\n","protected":false},"featured_media":26658,"template":"","meta":[],"product_cat":[109,20],"product_tag":[],"_links":{"self":[{"href":"https:\/\/mlekpol.com.pl\/index.php\/wp-json\/wp\/v2\/product\/26657"}],"collection":[{"href":"https:\/\/mlekpol.com.pl\/index.php\/wp-json\/wp\/v2\/product"}],"about":[{"href":"https:\/\/mlekpol.com.pl\/index.php\/wp-json\/wp\/v2\/types\/product"}],"wp:featuredmedia":[{"embeddable":true,"href":"https:\/\/mlekpol.com.pl\/index.php\/wp-json\/wp\/v2\/media\/26658"}],"wp:attachment":[{"href":"https:\/\/mlekpol.com.pl\/index.php\/wp-json\/wp\/v2\/media?parent=26657"}],"wp:term":[{"taxonomy":"product_cat","embeddable":true,"href":"https:\/\/mlekpol.com.pl\/index.php\/wp-json\/wp\/v2\/product_cat?post=26657"},{"taxonomy":"product_tag","embeddable":true,"href":"https:\/\/mlekpol.com.pl\/index.php\/wp-json\/wp\/v2\/product_tag?post=26657"}],"curies":[{"name":"wp","href":"https:\/\/api.w.org\/{rel}","templated":true}]}}