
{"id":2607,"date":"2018-07-31T13:31:33","date_gmt":"2018-07-31T11:31:33","guid":{"rendered":"http:\/\/mlekpol.thinq.pl\/index.php\/produkt\/rolada-ustrzycka-palka\/"},"modified":"2020-06-03T13:44:51","modified_gmt":"2020-06-03T11:44:51","slug":"rolada-ustrzycka-palka","status":"publish","type":"product","link":"https:\/\/mlekpol.com.pl\/index.php\/produkt\/rolada-ustrzycka-palka\/","title":{"rendered":"Rolada Ustrzycka pa\u0142ka"},"content":{"rendered":"<p>Wyj\u0105tkowy, w\u0119dzony ser parzony. Wyprodukowany z najlepszego mleka od kr\u00f3w wypasanych w najczystszych regionach Polski. \u015awietnie sprawdza si\u0119 na kanapce, w zapiekankach i jako przek\u0105ska koktajlowa na desk\u0119 ser\u00f3w.<\/p>\n","protected":false},"excerpt":{"rendered":"<p>Wyj\u0105tkowy, w\u0119dzony ser parzony. Wyprodukowany z najlepszego mleka od kr\u00f3w wypasanych w najczystszych regionach Polski. \u015awietnie sprawdza si\u0119 na kanapce, w zapiekankach i jako przek\u0105ska koktajlowa na desk\u0119 ser\u00f3w.<\/p>\n","protected":false},"featured_media":4141,"template":"","meta":[],"product_cat":[179,994,558,24],"product_tag":[],"_links":{"self":[{"href":"https:\/\/mlekpol.com.pl\/index.php\/wp-json\/wp\/v2\/product\/2607"}],"collection":[{"href":"https:\/\/mlekpol.com.pl\/index.php\/wp-json\/wp\/v2\/product"}],"about":[{"href":"https:\/\/mlekpol.com.pl\/index.php\/wp-json\/wp\/v2\/types\/product"}],"wp:featuredmedia":[{"embeddable":true,"href":"https:\/\/mlekpol.com.pl\/index.php\/wp-json\/wp\/v2\/media\/4141"}],"wp:attachment":[{"href":"https:\/\/mlekpol.com.pl\/index.php\/wp-json\/wp\/v2\/media?parent=2607"}],"wp:term":[{"taxonomy":"product_cat","embeddable":true,"href":"https:\/\/mlekpol.com.pl\/index.php\/wp-json\/wp\/v2\/product_cat?post=2607"},{"taxonomy":"product_tag","embeddable":true,"href":"https:\/\/mlekpol.com.pl\/index.php\/wp-json\/wp\/v2\/product_tag?post=2607"}],"curies":[{"name":"wp","href":"https:\/\/api.w.org\/{rel}","templated":true}]}}