
{"id":2603,"date":"2018-07-31T13:31:32","date_gmt":"2018-07-31T11:31:32","guid":{"rendered":"http:\/\/mlekpol.thinq.pl\/index.php\/produkt\/ser-topiony-wedzony-z-szynka-palka-2\/"},"modified":"2020-05-07T15:09:41","modified_gmt":"2020-05-07T13:09:41","slug":"ser-topiony-wedzony-z-szynka-palka-2","status":"publish","type":"product","link":"https:\/\/mlekpol.com.pl\/index.php\/produkt\/ser-topiony-wedzony-z-szynka-palka-2\/","title":{"rendered":"Ser topiony w\u0119dzony z szynk\u0105 pa\u0142ka"},"content":{"rendered":"<p>Kremowa konsystencja i aromatyczne naturalne dodatki. Doskona\u0142e po\u0142\u0105czenie smaku sera topionego i wyj\u0105tkowego naturalnego aromatu w\u0119dzenia.<br \/>\nIdealny do kanapek albo jako dodatek do potraw.<\/p>\n","protected":false},"excerpt":{"rendered":"<p>Kremowa konsystencja i aromatyczne naturalne dodatki. Doskona\u0142e po\u0142\u0105czenie smaku sera topionego i wyj\u0105tkowego naturalnego aromatu w\u0119dzenia. Idealny do kanapek albo jako dodatek do potraw.<\/p>\n","protected":false},"featured_media":4131,"template":"","meta":[],"product_cat":[558,24,552],"product_tag":[],"_links":{"self":[{"href":"https:\/\/mlekpol.com.pl\/index.php\/wp-json\/wp\/v2\/product\/2603"}],"collection":[{"href":"https:\/\/mlekpol.com.pl\/index.php\/wp-json\/wp\/v2\/product"}],"about":[{"href":"https:\/\/mlekpol.com.pl\/index.php\/wp-json\/wp\/v2\/types\/product"}],"wp:featuredmedia":[{"embeddable":true,"href":"https:\/\/mlekpol.com.pl\/index.php\/wp-json\/wp\/v2\/media\/4131"}],"wp:attachment":[{"href":"https:\/\/mlekpol.com.pl\/index.php\/wp-json\/wp\/v2\/media?parent=2603"}],"wp:term":[{"taxonomy":"product_cat","embeddable":true,"href":"https:\/\/mlekpol.com.pl\/index.php\/wp-json\/wp\/v2\/product_cat?post=2603"},{"taxonomy":"product_tag","embeddable":true,"href":"https:\/\/mlekpol.com.pl\/index.php\/wp-json\/wp\/v2\/product_tag?post=2603"}],"curies":[{"name":"wp","href":"https:\/\/api.w.org\/{rel}","templated":true}]}}