
{"id":2601,"date":"2018-07-31T13:31:31","date_gmt":"2018-07-31T11:31:31","guid":{"rendered":"http:\/\/mlekpol.thinq.pl\/index.php\/produkt\/ser-topiony-wedzony-naturalny-palka-2\/"},"modified":"2022-11-23T15:40:40","modified_gmt":"2022-11-23T14:40:40","slug":"ser-topiony-wedzony-naturalny-palka-2","status":"publish","type":"product","link":"https:\/\/mlekpol.com.pl\/index.php\/produkt\/ser-topiony-wedzony-naturalny-palka-2\/","title":{"rendered":"Ser topiony w\u0119dzony naturalny pa\u0142ka"},"content":{"rendered":"<p>Kremowa konsystencja i aromatyczne naturalne dodatki. Doskona\u0142e po\u0142\u0105czenie smaku sera topionego i naturalnego aromatu w\u0119dzenia. Idealny do kanapek albo jako dodatek do potraw.<br \/>\nWaga ok. 0,7 kg<\/p>\n","protected":false},"excerpt":{"rendered":"<p>Kremowa konsystencja i aromatyczne naturalne dodatki. Doskona\u0142e po\u0142\u0105czenie smaku sera topionego i naturalnego aromatu w\u0119dzenia. Idealny do kanapek albo jako dodatek do potraw. Waga ok. 0,7 kg<\/p>\n","protected":false},"featured_media":4127,"template":"","meta":[],"product_cat":[558,24,552],"product_tag":[],"_links":{"self":[{"href":"https:\/\/mlekpol.com.pl\/index.php\/wp-json\/wp\/v2\/product\/2601"}],"collection":[{"href":"https:\/\/mlekpol.com.pl\/index.php\/wp-json\/wp\/v2\/product"}],"about":[{"href":"https:\/\/mlekpol.com.pl\/index.php\/wp-json\/wp\/v2\/types\/product"}],"wp:featuredmedia":[{"embeddable":true,"href":"https:\/\/mlekpol.com.pl\/index.php\/wp-json\/wp\/v2\/media\/4127"}],"wp:attachment":[{"href":"https:\/\/mlekpol.com.pl\/index.php\/wp-json\/wp\/v2\/media?parent=2601"}],"wp:term":[{"taxonomy":"product_cat","embeddable":true,"href":"https:\/\/mlekpol.com.pl\/index.php\/wp-json\/wp\/v2\/product_cat?post=2601"},{"taxonomy":"product_tag","embeddable":true,"href":"https:\/\/mlekpol.com.pl\/index.php\/wp-json\/wp\/v2\/product_tag?post=2601"}],"curies":[{"name":"wp","href":"https:\/\/api.w.org\/{rel}","templated":true}]}}