
{"id":2600,"date":"2018-07-31T13:31:31","date_gmt":"2018-07-31T11:31:31","guid":{"rendered":"http:\/\/mlekpol.thinq.pl\/index.php\/produkt\/ser-topiony-wedzony-naturalny-palka\/"},"modified":"2020-08-03T14:49:03","modified_gmt":"2020-08-03T12:49:03","slug":"ser-topiony-wedzony-naturalny-palka","status":"publish","type":"product","link":"https:\/\/mlekpol.com.pl\/index.php\/produkt\/ser-topiony-wedzony-naturalny-palka\/","title":{"rendered":"Ser topiony w\u0119dzony naturalny pa\u0142ka"},"content":{"rendered":"<p>Kremowa konsystencja, wyborny smak. Doskona\u0142e po\u0142\u0105czenie sera topionego i naturalnego aromatu w\u0119dzenia. Idealny do kanapek albo jako dodatek do potraw.<br \/>\nWaga ok. 1,4 kg<\/p>\n","protected":false},"excerpt":{"rendered":"<p>Kremowa konsystencja, wyborny smak. Doskona\u0142e po\u0142\u0105czenie sera topionego i naturalnego aromatu w\u0119dzenia. Idealny do kanapek albo jako dodatek do potraw. Waga ok. 1,4 kg<\/p>\n","protected":false},"featured_media":4125,"template":"","meta":[],"product_cat":[558,24,552],"product_tag":[],"_links":{"self":[{"href":"https:\/\/mlekpol.com.pl\/index.php\/wp-json\/wp\/v2\/product\/2600"}],"collection":[{"href":"https:\/\/mlekpol.com.pl\/index.php\/wp-json\/wp\/v2\/product"}],"about":[{"href":"https:\/\/mlekpol.com.pl\/index.php\/wp-json\/wp\/v2\/types\/product"}],"wp:featuredmedia":[{"embeddable":true,"href":"https:\/\/mlekpol.com.pl\/index.php\/wp-json\/wp\/v2\/media\/4125"}],"wp:attachment":[{"href":"https:\/\/mlekpol.com.pl\/index.php\/wp-json\/wp\/v2\/media?parent=2600"}],"wp:term":[{"taxonomy":"product_cat","embeddable":true,"href":"https:\/\/mlekpol.com.pl\/index.php\/wp-json\/wp\/v2\/product_cat?post=2600"},{"taxonomy":"product_tag","embeddable":true,"href":"https:\/\/mlekpol.com.pl\/index.php\/wp-json\/wp\/v2\/product_tag?post=2600"}],"curies":[{"name":"wp","href":"https:\/\/api.w.org\/{rel}","templated":true}]}}