
{"id":2598,"date":"2018-07-31T13:31:30","date_gmt":"2018-07-31T11:31:30","guid":{"rendered":"http:\/\/mlekpol.thinq.pl\/index.php\/produkt\/ser-topiony-wedzony-kielbaska\/"},"modified":"2020-05-07T15:10:42","modified_gmt":"2020-05-07T13:10:42","slug":"ser-topiony-wedzony-kielbaska","status":"publish","type":"product","link":"https:\/\/mlekpol.com.pl\/index.php\/produkt\/ser-topiony-wedzony-kielbaska\/","title":{"rendered":"Ser topiony w\u0119dzony kie\u0142baska"},"content":{"rendered":"<p>Kremowa konsystencja i naturalne dodatki. Doskona\u0142e po\u0142\u0105czenie smaku sera topionego i naturalnego aromatu w\u0119dzenia. Idealny do kanapek albo jako dodatek do potraw.<br \/>\nWaga 100 g<\/p>\n","protected":false},"excerpt":{"rendered":"<p>Kremowa konsystencja i naturalne dodatki. Doskona\u0142e po\u0142\u0105czenie smaku sera topionego i naturalnego aromatu w\u0119dzenia. Idealny do kanapek albo jako dodatek do potraw. Waga 100 g<\/p>\n","protected":false},"featured_media":4121,"template":"","meta":[],"product_cat":[558,24,552],"product_tag":[],"_links":{"self":[{"href":"https:\/\/mlekpol.com.pl\/index.php\/wp-json\/wp\/v2\/product\/2598"}],"collection":[{"href":"https:\/\/mlekpol.com.pl\/index.php\/wp-json\/wp\/v2\/product"}],"about":[{"href":"https:\/\/mlekpol.com.pl\/index.php\/wp-json\/wp\/v2\/types\/product"}],"wp:featuredmedia":[{"embeddable":true,"href":"https:\/\/mlekpol.com.pl\/index.php\/wp-json\/wp\/v2\/media\/4121"}],"wp:attachment":[{"href":"https:\/\/mlekpol.com.pl\/index.php\/wp-json\/wp\/v2\/media?parent=2598"}],"wp:term":[{"taxonomy":"product_cat","embeddable":true,"href":"https:\/\/mlekpol.com.pl\/index.php\/wp-json\/wp\/v2\/product_cat?post=2598"},{"taxonomy":"product_tag","embeddable":true,"href":"https:\/\/mlekpol.com.pl\/index.php\/wp-json\/wp\/v2\/product_tag?post=2598"}],"curies":[{"name":"wp","href":"https:\/\/api.w.org\/{rel}","templated":true}]}}