
{"id":2597,"date":"2018-07-31T13:31:29","date_gmt":"2018-07-31T11:31:29","guid":{"rendered":"http:\/\/mlekpol.thinq.pl\/index.php\/produkt\/serki-topione-mlekpol-ze-szczypiorkiem-kielbaski\/"},"modified":"2020-08-03T15:18:50","modified_gmt":"2020-08-03T13:18:50","slug":"serki-topione-mlekpol-ze-szczypiorkiem-kielbaski","status":"publish","type":"product","link":"https:\/\/mlekpol.com.pl\/index.php\/produkt\/serki-topione-mlekpol-ze-szczypiorkiem-kielbaski\/","title":{"rendered":"Serki topione &#8222;MLEKPOL&#8221; ze szczypiorkiem kie\u0142baski"},"content":{"rendered":"<p>Kremowa konsystencja, bogaty smak i naturalne dodatki. Idealny do kanapek lub dodatek do potraw. Praktyczne opakowanie u\u0142atwia przechowywanie i gwarantuje \u015bwie\u017co\u015b\u0107.<\/p>\n","protected":false},"excerpt":{"rendered":"<p>Kremowa konsystencja, bogaty smak i naturalne dodatki. Idealny do kanapek lub dodatek do potraw. Praktyczne opakowanie u\u0142atwia przechowywanie i gwarantuje \u015bwie\u017co\u015b\u0107.<\/p>\n","protected":false},"featured_media":4119,"template":"","meta":[],"product_cat":[558,24,552],"product_tag":[],"_links":{"self":[{"href":"https:\/\/mlekpol.com.pl\/index.php\/wp-json\/wp\/v2\/product\/2597"}],"collection":[{"href":"https:\/\/mlekpol.com.pl\/index.php\/wp-json\/wp\/v2\/product"}],"about":[{"href":"https:\/\/mlekpol.com.pl\/index.php\/wp-json\/wp\/v2\/types\/product"}],"wp:featuredmedia":[{"embeddable":true,"href":"https:\/\/mlekpol.com.pl\/index.php\/wp-json\/wp\/v2\/media\/4119"}],"wp:attachment":[{"href":"https:\/\/mlekpol.com.pl\/index.php\/wp-json\/wp\/v2\/media?parent=2597"}],"wp:term":[{"taxonomy":"product_cat","embeddable":true,"href":"https:\/\/mlekpol.com.pl\/index.php\/wp-json\/wp\/v2\/product_cat?post=2597"},{"taxonomy":"product_tag","embeddable":true,"href":"https:\/\/mlekpol.com.pl\/index.php\/wp-json\/wp\/v2\/product_tag?post=2597"}],"curies":[{"name":"wp","href":"https:\/\/api.w.org\/{rel}","templated":true}]}}