
{"id":25946,"date":"2023-10-20T14:31:45","date_gmt":"2023-10-20T12:31:45","guid":{"rendered":"https:\/\/mlekpol.com.pl\/?post_type=product&#038;p=25946"},"modified":"2024-03-27T15:58:44","modified_gmt":"2024-03-27T14:58:44","slug":"lody-bambino-smietankowe-o-smaku-waniliowym-w-czekoladzie-43g-jogo","status":"publish","type":"product","link":"https:\/\/mlekpol.com.pl\/index.php\/produkt\/lody-bambino-smietankowe-o-smaku-waniliowym-w-czekoladzie-43g-jogo\/","title":{"rendered":"Lody Bambino \u015bmietankowe o smaku waniliowym w czekoladzie 43g JOGO"},"content":{"rendered":"<p>Pyszne lody o smaku \u015bmietankowym w polewie czekoladowej. Nie zawieraj\u0105 \u017cadnych sztucznych utwardzaczy i wype\u0142niaczy. Idealne na deser i dla och\u0142ody w gor\u0105ce dni.<\/p>\n","protected":false},"excerpt":{"rendered":"<p>Pyszne lody o smaku \u015bmietankowym w polewie czekoladowej. Nie zawieraj\u0105 \u017cadnych sztucznych utwardzaczy i wype\u0142niaczy. Idealne na deser i dla och\u0142ody w gor\u0105ce dni.<\/p>\n","protected":false},"featured_media":27176,"template":"","meta":[],"product_cat":[1266,1285],"product_tag":[],"_links":{"self":[{"href":"https:\/\/mlekpol.com.pl\/index.php\/wp-json\/wp\/v2\/product\/25946"}],"collection":[{"href":"https:\/\/mlekpol.com.pl\/index.php\/wp-json\/wp\/v2\/product"}],"about":[{"href":"https:\/\/mlekpol.com.pl\/index.php\/wp-json\/wp\/v2\/types\/product"}],"wp:featuredmedia":[{"embeddable":true,"href":"https:\/\/mlekpol.com.pl\/index.php\/wp-json\/wp\/v2\/media\/27176"}],"wp:attachment":[{"href":"https:\/\/mlekpol.com.pl\/index.php\/wp-json\/wp\/v2\/media?parent=25946"}],"wp:term":[{"taxonomy":"product_cat","embeddable":true,"href":"https:\/\/mlekpol.com.pl\/index.php\/wp-json\/wp\/v2\/product_cat?post=25946"},{"taxonomy":"product_tag","embeddable":true,"href":"https:\/\/mlekpol.com.pl\/index.php\/wp-json\/wp\/v2\/product_tag?post=25946"}],"curies":[{"name":"wp","href":"https:\/\/api.w.org\/{rel}","templated":true}]}}