
{"id":2594,"date":"2018-07-31T13:31:28","date_gmt":"2018-07-31T11:31:28","guid":{"rendered":"http:\/\/mlekpol.thinq.pl\/index.php\/produkt\/serki-topione-mlekpol-kremowy-kielbaski\/"},"modified":"2020-08-03T15:22:35","modified_gmt":"2020-08-03T13:22:35","slug":"serki-topione-mlekpol-kremowy-kielbaski","status":"publish","type":"product","link":"https:\/\/mlekpol.com.pl\/index.php\/produkt\/serki-topione-mlekpol-kremowy-kielbaski\/","title":{"rendered":"Serki topione &#8222;MLEKPOL&#8221; kremowy kie\u0142baski"},"content":{"rendered":"<p>Kremowa konsystencja, bogaty naturalny smak. Idealny do kanapek lub dodatek do potraw. Praktyczne opakowanie u\u0142atwia przechowywanie i gwarantuje \u015bwie\u017co\u015b\u0107.<\/p>\n","protected":false},"excerpt":{"rendered":"<p>Kremowa konsystencja, bogaty naturalny smak. Idealny do kanapek lub dodatek do potraw. Praktyczne opakowanie u\u0142atwia przechowywanie i gwarantuje \u015bwie\u017co\u015b\u0107.<\/p>\n","protected":false},"featured_media":4113,"template":"","meta":[],"product_cat":[558,24,552],"product_tag":[],"_links":{"self":[{"href":"https:\/\/mlekpol.com.pl\/index.php\/wp-json\/wp\/v2\/product\/2594"}],"collection":[{"href":"https:\/\/mlekpol.com.pl\/index.php\/wp-json\/wp\/v2\/product"}],"about":[{"href":"https:\/\/mlekpol.com.pl\/index.php\/wp-json\/wp\/v2\/types\/product"}],"wp:featuredmedia":[{"embeddable":true,"href":"https:\/\/mlekpol.com.pl\/index.php\/wp-json\/wp\/v2\/media\/4113"}],"wp:attachment":[{"href":"https:\/\/mlekpol.com.pl\/index.php\/wp-json\/wp\/v2\/media?parent=2594"}],"wp:term":[{"taxonomy":"product_cat","embeddable":true,"href":"https:\/\/mlekpol.com.pl\/index.php\/wp-json\/wp\/v2\/product_cat?post=2594"},{"taxonomy":"product_tag","embeddable":true,"href":"https:\/\/mlekpol.com.pl\/index.php\/wp-json\/wp\/v2\/product_tag?post=2594"}],"curies":[{"name":"wp","href":"https:\/\/api.w.org\/{rel}","templated":true}]}}