
{"id":25936,"date":"2023-10-20T14:03:54","date_gmt":"2023-10-20T12:03:54","guid":{"rendered":"https:\/\/mlekpol.com.pl\/?post_type=product&#038;p=25936"},"modified":"2023-10-25T13:40:36","modified_gmt":"2023-10-25T11:40:36","slug":"twarozek-wiejski-luksusowy-200g-jogo","status":"publish","type":"product","link":"https:\/\/mlekpol.com.pl\/index.php\/produkt\/twarozek-wiejski-luksusowy-200g-jogo\/","title":{"rendered":"Twaro\u017cek wiejski luksusowy 200g JOGO"},"content":{"rendered":"<p>Twaro\u017cek wiejski to doskona\u0142a kompozycja walor\u00f3w sera twarogowego i \u015bmietanki. Surowcem do produkcji jest \u015bwie\u017ce mleko. Naturalnie powstaj\u0105ce ziarno i dodatek \u015bwie\u017cej \u015bmietanki sprawiaj\u0105, \u017ce smak produktu zaspokaja od lat gusta najwybredniejszych konsument\u00f3w. <\/p>\n","protected":false},"excerpt":{"rendered":"<p>Twaro\u017cek wiejski to doskona\u0142a kompozycja walor\u00f3w sera twarogowego i \u015bmietanki. Surowcem do produkcji jest \u015bwie\u017ce mleko. Naturalnie powstaj\u0105ce ziarno i dodatek \u015bwie\u017cej \u015bmietanki sprawiaj\u0105, \u017ce smak produktu zaspokaja od lat gusta najwybredniejszych konsument\u00f3w.<\/p>\n","protected":false},"featured_media":25937,"template":"","meta":[],"product_cat":[1266,176],"product_tag":[],"_links":{"self":[{"href":"https:\/\/mlekpol.com.pl\/index.php\/wp-json\/wp\/v2\/product\/25936"}],"collection":[{"href":"https:\/\/mlekpol.com.pl\/index.php\/wp-json\/wp\/v2\/product"}],"about":[{"href":"https:\/\/mlekpol.com.pl\/index.php\/wp-json\/wp\/v2\/types\/product"}],"wp:featuredmedia":[{"embeddable":true,"href":"https:\/\/mlekpol.com.pl\/index.php\/wp-json\/wp\/v2\/media\/25937"}],"wp:attachment":[{"href":"https:\/\/mlekpol.com.pl\/index.php\/wp-json\/wp\/v2\/media?parent=25936"}],"wp:term":[{"taxonomy":"product_cat","embeddable":true,"href":"https:\/\/mlekpol.com.pl\/index.php\/wp-json\/wp\/v2\/product_cat?post=25936"},{"taxonomy":"product_tag","embeddable":true,"href":"https:\/\/mlekpol.com.pl\/index.php\/wp-json\/wp\/v2\/product_tag?post=25936"}],"curies":[{"name":"wp","href":"https:\/\/api.w.org\/{rel}","templated":true}]}}