
{"id":25927,"date":"2023-10-20T01:19:11","date_gmt":"2023-10-19T23:19:11","guid":{"rendered":"https:\/\/mlekpol.com.pl\/?post_type=product&#038;p=25927"},"modified":"2023-10-20T01:19:11","modified_gmt":"2023-10-19T23:19:11","slug":"twarog-poltlusty-krajanka-jogo-2","status":"publish","type":"product","link":"https:\/\/mlekpol.com.pl\/index.php\/en\/produkt\/twarog-poltlusty-krajanka-jogo-2\/","title":{"rendered":"Twar\u00f3g p\u00f3\u0142t\u0142usty krajanka JOGO"},"content":{"rendered":"<p>JOGO semi-skimmed cut curd cheese is composed only of natural ingredients. A source of easily digestible calcium and protein. Irreplaceable on the Polish tables and in the kitchen. Served in functional packaging, that guarantees freshness and convenient storage.<\/p>\n","protected":false},"excerpt":{"rendered":"<p>JOGO semi-skimmed cut curd cheese is composed only of natural ingredients. A source of easily digestible calcium and protein. Irreplaceable on the Polish tables and in the kitchen. Served in functional packaging, that guarantees freshness and convenient storage.<\/p>\n","protected":false},"featured_media":25925,"template":"","meta":[],"product_cat":[1268,259,263],"product_tag":[],"_links":{"self":[{"href":"https:\/\/mlekpol.com.pl\/index.php\/wp-json\/wp\/v2\/product\/25927"}],"collection":[{"href":"https:\/\/mlekpol.com.pl\/index.php\/wp-json\/wp\/v2\/product"}],"about":[{"href":"https:\/\/mlekpol.com.pl\/index.php\/wp-json\/wp\/v2\/types\/product"}],"wp:featuredmedia":[{"embeddable":true,"href":"https:\/\/mlekpol.com.pl\/index.php\/wp-json\/wp\/v2\/media\/25925"}],"wp:attachment":[{"href":"https:\/\/mlekpol.com.pl\/index.php\/wp-json\/wp\/v2\/media?parent=25927"}],"wp:term":[{"taxonomy":"product_cat","embeddable":true,"href":"https:\/\/mlekpol.com.pl\/index.php\/wp-json\/wp\/v2\/product_cat?post=25927"},{"taxonomy":"product_tag","embeddable":true,"href":"https:\/\/mlekpol.com.pl\/index.php\/wp-json\/wp\/v2\/product_tag?post=25927"}],"curies":[{"name":"wp","href":"https:\/\/api.w.org\/{rel}","templated":true}]}}