
{"id":25924,"date":"2023-10-20T01:14:40","date_gmt":"2023-10-19T23:14:40","guid":{"rendered":"https:\/\/mlekpol.com.pl\/?post_type=product&#038;p=25924"},"modified":"2023-10-20T01:14:40","modified_gmt":"2023-10-19T23:14:40","slug":"twarog-poltlusty-krajanka-jogo","status":"publish","type":"product","link":"https:\/\/mlekpol.com.pl\/index.php\/produkt\/twarog-poltlusty-krajanka-jogo\/","title":{"rendered":"Twar\u00f3g p\u00f3\u0142t\u0142usty krajanka JOGO"},"content":{"rendered":"<p>Twar\u00f3g p\u00f3\u0142t\u0142usty krajanka JOGO to wy\u0142\u0105cznie naturalne sk\u0142adniki. \u0179r\u00f3d\u0142o \u0142atwo przyswajalnego wapnia i\u00a0bia\u0142ka. Niezast\u0105piony na\u00a0polskim stole i\u00a0w\u00a0kuchni. Podany w\u00a0funkcjonalnym opakowaniu, kt\u00f3re gwarantuje \u015bwie\u017co\u015b\u0107 i\u00a0wygodne przechowywanie.<\/p>\n","protected":false},"excerpt":{"rendered":"<p>Twar\u00f3g p\u00f3\u0142t\u0142usty krajanka JOGO to wy\u0142\u0105cznie naturalne sk\u0142adniki. \u0179r\u00f3d\u0142o \u0142atwo przyswajalnego wapnia i\u00a0bia\u0142ka. Niezast\u0105piony na\u00a0polskim stole i\u00a0w\u00a0kuchni. Podany w\u00a0funkcjonalnym opakowaniu, kt\u00f3re gwarantuje \u015bwie\u017co\u015b\u0107 i\u00a0wygodne przechowywanie.<\/p>\n","protected":false},"featured_media":25925,"template":"","meta":[],"product_cat":[1266,40,21],"product_tag":[],"_links":{"self":[{"href":"https:\/\/mlekpol.com.pl\/index.php\/wp-json\/wp\/v2\/product\/25924"}],"collection":[{"href":"https:\/\/mlekpol.com.pl\/index.php\/wp-json\/wp\/v2\/product"}],"about":[{"href":"https:\/\/mlekpol.com.pl\/index.php\/wp-json\/wp\/v2\/types\/product"}],"wp:featuredmedia":[{"embeddable":true,"href":"https:\/\/mlekpol.com.pl\/index.php\/wp-json\/wp\/v2\/media\/25925"}],"wp:attachment":[{"href":"https:\/\/mlekpol.com.pl\/index.php\/wp-json\/wp\/v2\/media?parent=25924"}],"wp:term":[{"taxonomy":"product_cat","embeddable":true,"href":"https:\/\/mlekpol.com.pl\/index.php\/wp-json\/wp\/v2\/product_cat?post=25924"},{"taxonomy":"product_tag","embeddable":true,"href":"https:\/\/mlekpol.com.pl\/index.php\/wp-json\/wp\/v2\/product_tag?post=25924"}],"curies":[{"name":"wp","href":"https:\/\/api.w.org\/{rel}","templated":true}]}}