
{"id":2592,"date":"2018-07-31T13:31:27","date_gmt":"2018-07-31T11:31:27","guid":{"rendered":"http:\/\/mlekpol.thinq.pl\/index.php\/produkt\/serki-topione-norweski-kubek\/"},"modified":"2025-04-01T11:47:25","modified_gmt":"2025-04-01T09:47:25","slug":"serki-topione-norweski-kubek","status":"publish","type":"product","link":"https:\/\/mlekpol.com.pl\/index.php\/produkt\/serki-topione-norweski-kubek\/","title":{"rendered":"Serek topiony norweski smak z \u0142ososiem i koprem"},"content":{"rendered":"<p>Kremowa konsystencja i aromatyczne naturalne dodatki. Idealny do smarowania albo jako dodatek do potraw. Praktyczne opakowanie u\u0142atwia przechowywanie i gwarantuje \u015bwie\u017co\u015b\u0107.<\/p>\n","protected":false},"excerpt":{"rendered":"<p>Kremowa konsystencja i aromatyczne naturalne dodatki. Idealny do smarowania albo jako dodatek do potraw. Praktyczne opakowanie u\u0142atwia przechowywanie i gwarantuje \u015bwie\u017co\u015b\u0107.<\/p>\n","protected":false},"featured_media":30125,"template":"","meta":[],"product_cat":[558,24,552],"product_tag":[],"_links":{"self":[{"href":"https:\/\/mlekpol.com.pl\/index.php\/wp-json\/wp\/v2\/product\/2592"}],"collection":[{"href":"https:\/\/mlekpol.com.pl\/index.php\/wp-json\/wp\/v2\/product"}],"about":[{"href":"https:\/\/mlekpol.com.pl\/index.php\/wp-json\/wp\/v2\/types\/product"}],"wp:featuredmedia":[{"embeddable":true,"href":"https:\/\/mlekpol.com.pl\/index.php\/wp-json\/wp\/v2\/media\/30125"}],"wp:attachment":[{"href":"https:\/\/mlekpol.com.pl\/index.php\/wp-json\/wp\/v2\/media?parent=2592"}],"wp:term":[{"taxonomy":"product_cat","embeddable":true,"href":"https:\/\/mlekpol.com.pl\/index.php\/wp-json\/wp\/v2\/product_cat?post=2592"},{"taxonomy":"product_tag","embeddable":true,"href":"https:\/\/mlekpol.com.pl\/index.php\/wp-json\/wp\/v2\/product_tag?post=2592"}],"curies":[{"name":"wp","href":"https:\/\/api.w.org\/{rel}","templated":true}]}}