
{"id":25914,"date":"2023-10-20T00:57:22","date_gmt":"2023-10-19T22:57:22","guid":{"rendered":"https:\/\/mlekpol.com.pl\/?post_type=product&#038;p=25914"},"modified":"2023-10-25T13:54:25","modified_gmt":"2023-10-25T11:54:25","slug":"smietana-18-luksusowa-180g-jogo","status":"publish","type":"product","link":"https:\/\/mlekpol.com.pl\/index.php\/produkt\/smietana-18-luksusowa-180g-jogo\/","title":{"rendered":"\u015amietana 18% luksusowa 180g JOGO"},"content":{"rendered":"<p>Naturalne \u015bmietany JOGO s\u0105\u00a0delikatne, ukwaszone dzi\u0119ki dodatkowi \u017cywych kultur bakterii mlekowych. \u015amietanka i\u00a0\u017cywe kultury dobroczynnych bakterii to\u00a0jedyne sk\u0142adniki. Tradycyjny smak polskiej, wiejskiej kwa\u015bnej \u015bmietany. To\u00a0idealne dope\u0142nienie gor\u0105cych zup i\u00a0sos\u00f3w a\u00a0tak\u017ce ch\u0142odnik\u00f3w, dip\u00f3w do\u00a0da\u0144 z\u00a0grilla czy\u00a0placuszk\u00f3w z\u00a0warzyw sezonowych. \u015amietany JOGO dost\u0119pne s\u0105\u00a0w\u00a0dw\u00f3ch wariantach t\u0142uszczowych: 12% i 18%, w\u00a0kubkach o\u00a0dw\u00f3ch pojemno\u015bciach: 180 g i\u00a0330 g.<\/p>\n","protected":false},"excerpt":{"rendered":"<p>Naturalne \u015bmietany JOGO s\u0105\u00a0delikatne, ukwaszone dzi\u0119ki dodatkowi \u017cywych kultur bakterii mlekowych. \u015amietanka i\u00a0\u017cywe kultury dobroczynnych bakterii to\u00a0jedyne sk\u0142adniki. Tradycyjny smak polskiej, wiejskiej kwa\u015bnej \u015bmietany. To\u00a0idealne dope\u0142nienie gor\u0105cych zup i\u00a0sos\u00f3w a\u00a0tak\u017ce ch\u0142odnik\u00f3w, dip\u00f3w do\u00a0da\u0144 z\u00a0grilla czy\u00a0placuszk\u00f3w z\u00a0warzyw sezonowych. \u015amietany JOGO dost\u0119pne s\u0105\u00a0w\u00a0dw\u00f3ch wariantach t\u0142uszczowych: 12% i 18%, w\u00a0kubkach o\u00a0dw\u00f3ch pojemno\u015bciach: 180 g i\u00a0330 g.<\/p>\n","protected":false},"featured_media":25915,"template":"","meta":[],"product_cat":[1266,17],"product_tag":[],"_links":{"self":[{"href":"https:\/\/mlekpol.com.pl\/index.php\/wp-json\/wp\/v2\/product\/25914"}],"collection":[{"href":"https:\/\/mlekpol.com.pl\/index.php\/wp-json\/wp\/v2\/product"}],"about":[{"href":"https:\/\/mlekpol.com.pl\/index.php\/wp-json\/wp\/v2\/types\/product"}],"wp:featuredmedia":[{"embeddable":true,"href":"https:\/\/mlekpol.com.pl\/index.php\/wp-json\/wp\/v2\/media\/25915"}],"wp:attachment":[{"href":"https:\/\/mlekpol.com.pl\/index.php\/wp-json\/wp\/v2\/media?parent=25914"}],"wp:term":[{"taxonomy":"product_cat","embeddable":true,"href":"https:\/\/mlekpol.com.pl\/index.php\/wp-json\/wp\/v2\/product_cat?post=25914"},{"taxonomy":"product_tag","embeddable":true,"href":"https:\/\/mlekpol.com.pl\/index.php\/wp-json\/wp\/v2\/product_tag?post=25914"}],"curies":[{"name":"wp","href":"https:\/\/api.w.org\/{rel}","templated":true}]}}