
{"id":25898,"date":"2023-10-19T23:17:17","date_gmt":"2023-10-19T21:17:17","guid":{"rendered":"https:\/\/mlekpol.com.pl\/?post_type=product&#038;p=25898"},"modified":"2023-10-25T11:40:43","modified_gmt":"2023-10-25T09:40:43","slug":"moje-mleko-pet-32-1l-jogo","status":"publish","type":"product","link":"https:\/\/mlekpol.com.pl\/index.php\/produkt\/moje-mleko-pet-32-1l-jogo\/","title":{"rendered":"Moje mleko PET 3,2% 1L JOGO"},"content":{"rendered":"<p>Mleko jest wyj\u0105tkowym produktem spo\u017cywczym, bogatym w pe\u0142nowarto\u015bciowe bia\u0142ko,\u00a0t\u0142uszcz o doskonale zbilansowanym sk\u0142adzie,\u00a0w\u0119glowodany dostarczaj\u0105ce energii,\u00a0witaminy oraz wap\u0144 i inne sk\u0142adniki mineralne.<\/p>\n","protected":false},"excerpt":{"rendered":"<p>Mleko jest wyj\u0105tkowym produktem spo\u017cywczym, bogatym w pe\u0142nowarto\u015bciowe bia\u0142ko,\u00a0t\u0142uszcz o doskonale zbilansowanym sk\u0142adzie,\u00a0w\u0119glowodany dostarczaj\u0105ce energii,\u00a0witaminy oraz wap\u0144 i inne sk\u0142adniki mineralne.<\/p>\n","protected":false},"featured_media":25899,"template":"","meta":[],"product_cat":[1266,16,27],"product_tag":[],"_links":{"self":[{"href":"https:\/\/mlekpol.com.pl\/index.php\/wp-json\/wp\/v2\/product\/25898"}],"collection":[{"href":"https:\/\/mlekpol.com.pl\/index.php\/wp-json\/wp\/v2\/product"}],"about":[{"href":"https:\/\/mlekpol.com.pl\/index.php\/wp-json\/wp\/v2\/types\/product"}],"wp:featuredmedia":[{"embeddable":true,"href":"https:\/\/mlekpol.com.pl\/index.php\/wp-json\/wp\/v2\/media\/25899"}],"wp:attachment":[{"href":"https:\/\/mlekpol.com.pl\/index.php\/wp-json\/wp\/v2\/media?parent=25898"}],"wp:term":[{"taxonomy":"product_cat","embeddable":true,"href":"https:\/\/mlekpol.com.pl\/index.php\/wp-json\/wp\/v2\/product_cat?post=25898"},{"taxonomy":"product_tag","embeddable":true,"href":"https:\/\/mlekpol.com.pl\/index.php\/wp-json\/wp\/v2\/product_tag?post=25898"}],"curies":[{"name":"wp","href":"https:\/\/api.w.org\/{rel}","templated":true}]}}