
{"id":25893,"date":"2023-10-19T22:44:07","date_gmt":"2023-10-19T20:44:07","guid":{"rendered":"https:\/\/mlekpol.com.pl\/?post_type=product&#038;p=25893"},"modified":"2023-10-25T11:41:19","modified_gmt":"2023-10-25T09:41:19","slug":"moje-mleko-pet-2-1l-jogo","status":"publish","type":"product","link":"https:\/\/mlekpol.com.pl\/index.php\/produkt\/moje-mleko-pet-2-1l-jogo\/","title":{"rendered":"Moje mleko PET 2% 1L JOGO"},"content":{"rendered":"<p>Mleko jest wyj\u0105tkowym produktem spo\u017cywczym, bogatym w pe\u0142nowarto\u015bciowe bia\u0142ko,\u00a0t\u0142uszcz o doskonale zbilansowanym sk\u0142adzie,\u00a0w\u0119glowodany dostarczaj\u0105ce energii,\u00a0witaminy oraz wap\u0144 i inne sk\u0142adniki mineralne.<\/p>\n","protected":false},"excerpt":{"rendered":"<p>Mleko jest wyj\u0105tkowym produktem spo\u017cywczym, bogatym w pe\u0142nowarto\u015bciowe bia\u0142ko,\u00a0t\u0142uszcz o doskonale zbilansowanym sk\u0142adzie,\u00a0w\u0119glowodany dostarczaj\u0105ce energii,\u00a0witaminy oraz wap\u0144 i inne sk\u0142adniki mineralne.<\/p>\n","protected":false},"featured_media":25894,"template":"","meta":[],"product_cat":[1266,16,27],"product_tag":[],"_links":{"self":[{"href":"https:\/\/mlekpol.com.pl\/index.php\/wp-json\/wp\/v2\/product\/25893"}],"collection":[{"href":"https:\/\/mlekpol.com.pl\/index.php\/wp-json\/wp\/v2\/product"}],"about":[{"href":"https:\/\/mlekpol.com.pl\/index.php\/wp-json\/wp\/v2\/types\/product"}],"wp:featuredmedia":[{"embeddable":true,"href":"https:\/\/mlekpol.com.pl\/index.php\/wp-json\/wp\/v2\/media\/25894"}],"wp:attachment":[{"href":"https:\/\/mlekpol.com.pl\/index.php\/wp-json\/wp\/v2\/media?parent=25893"}],"wp:term":[{"taxonomy":"product_cat","embeddable":true,"href":"https:\/\/mlekpol.com.pl\/index.php\/wp-json\/wp\/v2\/product_cat?post=25893"},{"taxonomy":"product_tag","embeddable":true,"href":"https:\/\/mlekpol.com.pl\/index.php\/wp-json\/wp\/v2\/product_tag?post=25893"}],"curies":[{"name":"wp","href":"https:\/\/api.w.org\/{rel}","templated":true}]}}