
{"id":25886,"date":"2023-10-19T18:02:39","date_gmt":"2023-10-19T16:02:39","guid":{"rendered":"https:\/\/mlekpol.com.pl\/?post_type=product&#038;p=25886"},"modified":"2023-10-19T18:02:40","modified_gmt":"2023-10-19T16:02:40","slug":"jogurt-naturalny-jogo","status":"publish","type":"product","link":"https:\/\/mlekpol.com.pl\/index.php\/produkt\/jogurt-naturalny-jogo\/","title":{"rendered":"Jogurt naturalny JOGO"},"content":{"rendered":"<p>Doskona\u0142y regionalny smak. Idealny na \u015bniadanie i jako dodatek do potraw. \u0179r\u00f3d\u0142o wapnia, bia\u0142ka, witamin i sk\u0142adnik\u00f3w mineralnych.<\/p>\n","protected":false},"excerpt":{"rendered":"<p>Doskona\u0142y regionalny smak. Idealny na \u015bniadanie i jako dodatek do potraw. \u0179r\u00f3d\u0142o wapnia, bia\u0142ka, witamin i sk\u0142adnik\u00f3w mineralnych.<\/p>\n","protected":false},"featured_media":25887,"template":"","meta":[],"product_cat":[1266,34],"product_tag":[],"_links":{"self":[{"href":"https:\/\/mlekpol.com.pl\/index.php\/wp-json\/wp\/v2\/product\/25886"}],"collection":[{"href":"https:\/\/mlekpol.com.pl\/index.php\/wp-json\/wp\/v2\/product"}],"about":[{"href":"https:\/\/mlekpol.com.pl\/index.php\/wp-json\/wp\/v2\/types\/product"}],"wp:featuredmedia":[{"embeddable":true,"href":"https:\/\/mlekpol.com.pl\/index.php\/wp-json\/wp\/v2\/media\/25887"}],"wp:attachment":[{"href":"https:\/\/mlekpol.com.pl\/index.php\/wp-json\/wp\/v2\/media?parent=25886"}],"wp:term":[{"taxonomy":"product_cat","embeddable":true,"href":"https:\/\/mlekpol.com.pl\/index.php\/wp-json\/wp\/v2\/product_cat?post=25886"},{"taxonomy":"product_tag","embeddable":true,"href":"https:\/\/mlekpol.com.pl\/index.php\/wp-json\/wp\/v2\/product_tag?post=25886"}],"curies":[{"name":"wp","href":"https:\/\/api.w.org\/{rel}","templated":true}]}}