
{"id":25875,"date":"2023-10-19T17:42:32","date_gmt":"2023-10-19T15:42:32","guid":{"rendered":"https:\/\/mlekpol.com.pl\/?post_type=product&#038;p=25875"},"modified":"2023-10-20T11:30:35","modified_gmt":"2023-10-20T09:30:35","slug":"kefir-luksusowy-1kg-jogo","status":"publish","type":"product","link":"https:\/\/mlekpol.com.pl\/index.php\/produkt\/kefir-luksusowy-1kg-jogo\/","title":{"rendered":"Kefir luksusowy PET 1kg JOGO"},"content":{"rendered":"<p>Kefir to mleczny nap\u00f3j fermentowany. Tylko naturalne sk\u0142adniki, niska zawarto\u015b\u0107 t\u0142uszczu. Zdrowie w ka\u017cdej kropli. To naturalne bogactwo wapnia i bia\u0142ka. Kefir to kr\u00f3l polskich sto\u0142\u00f3w. Latem \u2013 doskona\u0142y dodatek do m\u0142odych ziemniak\u00f3w z koperkiem. \u015awietnie sprawdza si\u0119 jako baza ch\u0142odnik\u00f3w i koktajli.<\/p>\n","protected":false},"excerpt":{"rendered":"<p>Kefir to mleczny nap\u00f3j fermentowany. Tylko naturalne sk\u0142adniki, niska zawarto\u015b\u0107 t\u0142uszczu. Zdrowie w ka\u017cdej kropli. To naturalne bogactwo wapnia i bia\u0142ka. Kefir to kr\u00f3l polskich sto\u0142\u00f3w. Latem \u2013 doskona\u0142y dodatek do m\u0142odych ziemniak\u00f3w z koperkiem. \u015awietnie sprawdza si\u0119 jako baza ch\u0142odnik\u00f3w i koktajli.<\/p>\n","protected":false},"featured_media":25876,"template":"","meta":[],"product_cat":[1266,35],"product_tag":[],"_links":{"self":[{"href":"https:\/\/mlekpol.com.pl\/index.php\/wp-json\/wp\/v2\/product\/25875"}],"collection":[{"href":"https:\/\/mlekpol.com.pl\/index.php\/wp-json\/wp\/v2\/product"}],"about":[{"href":"https:\/\/mlekpol.com.pl\/index.php\/wp-json\/wp\/v2\/types\/product"}],"wp:featuredmedia":[{"embeddable":true,"href":"https:\/\/mlekpol.com.pl\/index.php\/wp-json\/wp\/v2\/media\/25876"}],"wp:attachment":[{"href":"https:\/\/mlekpol.com.pl\/index.php\/wp-json\/wp\/v2\/media?parent=25875"}],"wp:term":[{"taxonomy":"product_cat","embeddable":true,"href":"https:\/\/mlekpol.com.pl\/index.php\/wp-json\/wp\/v2\/product_cat?post=25875"},{"taxonomy":"product_tag","embeddable":true,"href":"https:\/\/mlekpol.com.pl\/index.php\/wp-json\/wp\/v2\/product_tag?post=25875"}],"curies":[{"name":"wp","href":"https:\/\/api.w.org\/{rel}","templated":true}]}}