
{"id":25870,"date":"2023-10-19T17:29:46","date_gmt":"2023-10-19T15:29:46","guid":{"rendered":"https:\/\/mlekpol.com.pl\/?post_type=product&#038;p=25870"},"modified":"2023-10-20T11:28:23","modified_gmt":"2023-10-20T09:28:23","slug":"maslanka-luksusowa-jogo-400g","status":"publish","type":"product","link":"https:\/\/mlekpol.com.pl\/index.php\/produkt\/maslanka-luksusowa-jogo-400g\/","title":{"rendered":"Ma\u015blanka luksusowa PET 400g JOGO"},"content":{"rendered":"<p>Ma\u015blanka to wyj\u0105tkowy produkt. Lekkostrawna i naturalna. Ceniona za sw\u00f3j wyj\u0105tkowy smak i w\u0142a\u015bciwo\u015bci prozdrowotne. Doskona\u0142a jako orze\u017awienie w upalne dni i warto\u015bciowe urozmaicenie diety przez ca\u0142y rok.<\/p>\n","protected":false},"excerpt":{"rendered":"<p>Ma\u015blanka to wyj\u0105tkowy produkt. Lekkostrawna i naturalna. Ceniona za sw\u00f3j wyj\u0105tkowy smak i w\u0142a\u015bciwo\u015bci prozdrowotne. Doskona\u0142a jako orze\u017awienie w upalne dni i warto\u015bciowe urozmaicenie diety przez ca\u0142y rok.<\/p>\n","protected":false},"featured_media":25871,"template":"","meta":[],"product_cat":[1266,36],"product_tag":[],"_links":{"self":[{"href":"https:\/\/mlekpol.com.pl\/index.php\/wp-json\/wp\/v2\/product\/25870"}],"collection":[{"href":"https:\/\/mlekpol.com.pl\/index.php\/wp-json\/wp\/v2\/product"}],"about":[{"href":"https:\/\/mlekpol.com.pl\/index.php\/wp-json\/wp\/v2\/types\/product"}],"wp:featuredmedia":[{"embeddable":true,"href":"https:\/\/mlekpol.com.pl\/index.php\/wp-json\/wp\/v2\/media\/25871"}],"wp:attachment":[{"href":"https:\/\/mlekpol.com.pl\/index.php\/wp-json\/wp\/v2\/media?parent=25870"}],"wp:term":[{"taxonomy":"product_cat","embeddable":true,"href":"https:\/\/mlekpol.com.pl\/index.php\/wp-json\/wp\/v2\/product_cat?post=25870"},{"taxonomy":"product_tag","embeddable":true,"href":"https:\/\/mlekpol.com.pl\/index.php\/wp-json\/wp\/v2\/product_tag?post=25870"}],"curies":[{"name":"wp","href":"https:\/\/api.w.org\/{rel}","templated":true}]}}