
{"id":25861,"date":"2023-10-19T11:31:31","date_gmt":"2023-10-19T09:31:31","guid":{"rendered":"https:\/\/mlekpol.com.pl\/?post_type=product&#038;p=25861"},"modified":"2023-10-19T22:37:10","modified_gmt":"2023-10-19T20:37:10","slug":"maslanka-luksusowa-1kg","status":"publish","type":"product","link":"https:\/\/mlekpol.com.pl\/index.php\/produkt\/maslanka-luksusowa-1kg\/","title":{"rendered":"Ma\u015blanka luksusowa PET 1kg JOGO"},"content":{"rendered":"<p>Ma\u015blanka to wyj\u0105tkowy produkt. Lekkostrawna i naturalna. Ceniona za sw\u00f3j wyj\u0105tkowy smak i w\u0142a\u015bciwo\u015bci prozdrowotne. Doskona\u0142a jako orze\u017awienie w upalne dni i warto\u015bciowe urozmaicenie diety przez ca\u0142y rok.<\/p>\n","protected":false},"excerpt":{"rendered":"<p>Ma\u015blanka to wyj\u0105tkowy produkt. Lekkostrawna i naturalna. Ceniona za sw\u00f3j wyj\u0105tkowy smak i w\u0142a\u015bciwo\u015bci prozdrowotne. Doskona\u0142a jako orze\u017awienie w upalne dni i warto\u015bciowe urozmaicenie diety przez ca\u0142y rok.<\/p>\n","protected":false},"featured_media":25863,"template":"","meta":[],"product_cat":[1266,36],"product_tag":[],"_links":{"self":[{"href":"https:\/\/mlekpol.com.pl\/index.php\/wp-json\/wp\/v2\/product\/25861"}],"collection":[{"href":"https:\/\/mlekpol.com.pl\/index.php\/wp-json\/wp\/v2\/product"}],"about":[{"href":"https:\/\/mlekpol.com.pl\/index.php\/wp-json\/wp\/v2\/types\/product"}],"wp:featuredmedia":[{"embeddable":true,"href":"https:\/\/mlekpol.com.pl\/index.php\/wp-json\/wp\/v2\/media\/25863"}],"wp:attachment":[{"href":"https:\/\/mlekpol.com.pl\/index.php\/wp-json\/wp\/v2\/media?parent=25861"}],"wp:term":[{"taxonomy":"product_cat","embeddable":true,"href":"https:\/\/mlekpol.com.pl\/index.php\/wp-json\/wp\/v2\/product_cat?post=25861"},{"taxonomy":"product_tag","embeddable":true,"href":"https:\/\/mlekpol.com.pl\/index.php\/wp-json\/wp\/v2\/product_tag?post=25861"}],"curies":[{"name":"wp","href":"https:\/\/api.w.org\/{rel}","templated":true}]}}