
{"id":2584,"date":"2018-07-31T13:31:24","date_gmt":"2018-07-31T11:31:24","guid":{"rendered":"http:\/\/mlekpol.thinq.pl\/index.php\/produkt\/serki-topione-kurpianka-kremowy-kubek\/"},"modified":"2020-08-03T15:14:55","modified_gmt":"2020-08-03T13:14:55","slug":"serki-topione-kurpianka-kremowy-kubek","status":"publish","type":"product","link":"https:\/\/mlekpol.com.pl\/index.php\/produkt\/serki-topione-kurpianka-kremowy-kubek\/","title":{"rendered":"Serki topione \u201eKurpianka\u201d kremowy kubek"},"content":{"rendered":"<p>Kremowa konsystencja, bogaty naturalny smak. Idealny do kanapek lub dodatek do potraw. Praktyczne opakowanie u\u0142atwia przechowywanie i gwarantuje \u015bwie\u017co\u015b\u0107.<\/p>\n","protected":false},"excerpt":{"rendered":"<p>Kremowa konsystencja, bogaty naturalny smak. Idealny do kanapek lub dodatek do potraw. Praktyczne opakowanie u\u0142atwia przechowywanie i gwarantuje \u015bwie\u017co\u015b\u0107.<\/p>\n","protected":false},"featured_media":4531,"template":"","meta":[],"product_cat":[558,24,552],"product_tag":[],"_links":{"self":[{"href":"https:\/\/mlekpol.com.pl\/index.php\/wp-json\/wp\/v2\/product\/2584"}],"collection":[{"href":"https:\/\/mlekpol.com.pl\/index.php\/wp-json\/wp\/v2\/product"}],"about":[{"href":"https:\/\/mlekpol.com.pl\/index.php\/wp-json\/wp\/v2\/types\/product"}],"wp:featuredmedia":[{"embeddable":true,"href":"https:\/\/mlekpol.com.pl\/index.php\/wp-json\/wp\/v2\/media\/4531"}],"wp:attachment":[{"href":"https:\/\/mlekpol.com.pl\/index.php\/wp-json\/wp\/v2\/media?parent=2584"}],"wp:term":[{"taxonomy":"product_cat","embeddable":true,"href":"https:\/\/mlekpol.com.pl\/index.php\/wp-json\/wp\/v2\/product_cat?post=2584"},{"taxonomy":"product_tag","embeddable":true,"href":"https:\/\/mlekpol.com.pl\/index.php\/wp-json\/wp\/v2\/product_tag?post=2584"}],"curies":[{"name":"wp","href":"https:\/\/api.w.org\/{rel}","templated":true}]}}