
{"id":2583,"date":"2018-07-31T13:31:24","date_gmt":"2018-07-31T11:31:24","guid":{"rendered":"http:\/\/mlekpol.thinq.pl\/index.php\/produkt\/ser-liliput\/"},"modified":"2020-06-03T13:42:02","modified_gmt":"2020-06-03T11:42:02","slug":"ser-liliput","status":"publish","type":"product","link":"https:\/\/mlekpol.com.pl\/index.php\/produkt\/ser-liliput\/","title":{"rendered":"Ser Liliput"},"content":{"rendered":"<p>Pyszny ser dojrzewaj\u0105cy, wyprodukowany z najlepszego mleka od kr\u00f3w wypasanych w najczystszych regionach Polski. \u015awietnie sprawdza si\u0119 na kanapce i w zapiekankach.<br \/>\nWaga 350 g<\/p>\n","protected":false},"excerpt":{"rendered":"<p>Pyszny ser dojrzewaj\u0105cy, wyprodukowany z najlepszego mleka od kr\u00f3w wypasanych w najczystszych regionach Polski. \u015awietnie sprawdza si\u0119 na kanapce i w zapiekankach. Waga 350 g<\/p>\n","protected":false},"featured_media":4091,"template":"","meta":[],"product_cat":[558,1211,24],"product_tag":[],"_links":{"self":[{"href":"https:\/\/mlekpol.com.pl\/index.php\/wp-json\/wp\/v2\/product\/2583"}],"collection":[{"href":"https:\/\/mlekpol.com.pl\/index.php\/wp-json\/wp\/v2\/product"}],"about":[{"href":"https:\/\/mlekpol.com.pl\/index.php\/wp-json\/wp\/v2\/types\/product"}],"wp:featuredmedia":[{"embeddable":true,"href":"https:\/\/mlekpol.com.pl\/index.php\/wp-json\/wp\/v2\/media\/4091"}],"wp:attachment":[{"href":"https:\/\/mlekpol.com.pl\/index.php\/wp-json\/wp\/v2\/media?parent=2583"}],"wp:term":[{"taxonomy":"product_cat","embeddable":true,"href":"https:\/\/mlekpol.com.pl\/index.php\/wp-json\/wp\/v2\/product_cat?post=2583"},{"taxonomy":"product_tag","embeddable":true,"href":"https:\/\/mlekpol.com.pl\/index.php\/wp-json\/wp\/v2\/product_tag?post=2583"}],"curies":[{"name":"wp","href":"https:\/\/api.w.org\/{rel}","templated":true}]}}