
{"id":2581,"date":"2018-07-31T13:31:23","date_gmt":"2018-07-31T11:31:23","guid":{"rendered":"http:\/\/mlekpol.thinq.pl\/index.php\/produkt\/mini-salami\/"},"modified":"2022-08-26T12:49:28","modified_gmt":"2022-08-26T10:49:28","slug":"mini-salami","status":"publish","type":"product","link":"https:\/\/mlekpol.com.pl\/index.php\/produkt\/mini-salami\/","title":{"rendered":"Mini salami"},"content":{"rendered":"<p>Pyszny ser \u017c\u00f3\u0142ty, wyprodukowany z najlepszego mleka od kr\u00f3w wypasanych w najczystszych regionach Polski. \u015awietnie sprawdza si\u0119 na kanapce, w zapiekankach.<\/p>\n","protected":false},"excerpt":{"rendered":"<p>Pyszny ser \u017c\u00f3\u0142ty, wyprodukowany z najlepszego mleka od kr\u00f3w wypasanych w najczystszych regionach Polski. \u015awietnie sprawdza si\u0119 na kanapce, w zapiekankach.<\/p>\n","protected":false},"featured_media":4087,"template":"","meta":[],"product_cat":[558,1211,24],"product_tag":[],"_links":{"self":[{"href":"https:\/\/mlekpol.com.pl\/index.php\/wp-json\/wp\/v2\/product\/2581"}],"collection":[{"href":"https:\/\/mlekpol.com.pl\/index.php\/wp-json\/wp\/v2\/product"}],"about":[{"href":"https:\/\/mlekpol.com.pl\/index.php\/wp-json\/wp\/v2\/types\/product"}],"wp:featuredmedia":[{"embeddable":true,"href":"https:\/\/mlekpol.com.pl\/index.php\/wp-json\/wp\/v2\/media\/4087"}],"wp:attachment":[{"href":"https:\/\/mlekpol.com.pl\/index.php\/wp-json\/wp\/v2\/media?parent=2581"}],"wp:term":[{"taxonomy":"product_cat","embeddable":true,"href":"https:\/\/mlekpol.com.pl\/index.php\/wp-json\/wp\/v2\/product_cat?post=2581"},{"taxonomy":"product_tag","embeddable":true,"href":"https:\/\/mlekpol.com.pl\/index.php\/wp-json\/wp\/v2\/product_tag?post=2581"}],"curies":[{"name":"wp","href":"https:\/\/api.w.org\/{rel}","templated":true}]}}