
{"id":2580,"date":"2018-07-31T13:31:23","date_gmt":"2018-07-31T11:31:23","guid":{"rendered":"http:\/\/mlekpol.thinq.pl\/index.php\/produkt\/havarti\/"},"modified":"2022-06-03T14:29:30","modified_gmt":"2022-06-03T12:29:30","slug":"havarti","status":"publish","type":"product","link":"https:\/\/mlekpol.com.pl\/index.php\/produkt\/havarti\/","title":{"rendered":"Hawranus"},"content":{"rendered":"<p>Pyszny ser dojrzewaj\u0105cy o \u015bmietankowym smaku, wyprodukowany z najlepszego mleka od kr\u00f3w wypasanych w najczystszych regionach Polski.<br \/>\n\u015awietnie sprawdza si\u0119 na kanapce, w zapiekankach i jako przek\u0105ska koktajlowa desk\u0119 ser\u00f3w.<\/p>\n","protected":false},"excerpt":{"rendered":"<p>Pyszny ser dojrzewaj\u0105cy o \u015bmietankowym smaku, wyprodukowany z najlepszego mleka od kr\u00f3w wypasanych w najczystszych regionach Polski. \u015awietnie sprawdza si\u0119 na kanapce, w zapiekankach i jako przek\u0105ska koktajlowa desk\u0119 ser\u00f3w.<\/p>\n","protected":false},"featured_media":20061,"template":"","meta":[],"product_cat":[994,558,24],"product_tag":[],"_links":{"self":[{"href":"https:\/\/mlekpol.com.pl\/index.php\/wp-json\/wp\/v2\/product\/2580"}],"collection":[{"href":"https:\/\/mlekpol.com.pl\/index.php\/wp-json\/wp\/v2\/product"}],"about":[{"href":"https:\/\/mlekpol.com.pl\/index.php\/wp-json\/wp\/v2\/types\/product"}],"wp:featuredmedia":[{"embeddable":true,"href":"https:\/\/mlekpol.com.pl\/index.php\/wp-json\/wp\/v2\/media\/20061"}],"wp:attachment":[{"href":"https:\/\/mlekpol.com.pl\/index.php\/wp-json\/wp\/v2\/media?parent=2580"}],"wp:term":[{"taxonomy":"product_cat","embeddable":true,"href":"https:\/\/mlekpol.com.pl\/index.php\/wp-json\/wp\/v2\/product_cat?post=2580"},{"taxonomy":"product_tag","embeddable":true,"href":"https:\/\/mlekpol.com.pl\/index.php\/wp-json\/wp\/v2\/product_tag?post=2580"}],"curies":[{"name":"wp","href":"https:\/\/api.w.org\/{rel}","templated":true}]}}