
{"id":2578,"date":"2018-07-31T13:31:22","date_gmt":"2018-07-31T11:31:22","guid":{"rendered":"http:\/\/mlekpol.thinq.pl\/index.php\/produkt\/ser-mozzarella-blok\/"},"modified":"2023-04-14T10:54:18","modified_gmt":"2023-04-14T08:54:18","slug":"ser-mozzarella-blok","status":"publish","type":"product","link":"https:\/\/mlekpol.com.pl\/index.php\/produkt\/ser-mozzarella-blok\/","title":{"rendered":"Ser Mozzarella &#8211; blok &#8211; 2,5 kg"},"content":{"rendered":"<p>Ser Mozzarella ok. 2,5 kg blok to ser pyszny i u\u017cyteczny, nale\u017c\u0105cy do ser\u00f3w niedojrzewaj\u0105cych typu pasta filata. Dzi\u0119ki temu po zapiekaniu ser ci\u0105gnie si\u0119 i rumieni. To pe\u0142nowarto\u015bciowa i smaczna podstawa posi\u0142ku. \u0179r\u00f3d\u0142o witamin B2, B12 oraz witaminy A, a tak\u017ce naturalnie wyst\u0119puj\u0105cych minera\u0142\u00f3w: wapnia, cynku i potasu.<\/p>\n<p>Sery typu w\u0142oskiego jak sery Mozzarella Mlekpol, idealnie komponuj\u0105 si\u0119 z makaronami i zapiekankami. Pasuj\u0105 do pizzy i tost\u00f3w. A u\u017cycie na kanapce lub na desce ser\u00f3w poszerzy mo\u017cliwo\u015bci ich zastosowania i pozwoli doceni\u0107 walory wynikaj\u0105ce z prostego sk\u0142adu produkt\u00f3w.<\/p>\n","protected":false},"excerpt":{"rendered":"<p>Ser Mozzarella ok. 2,5 kg blok to ser pyszny i u\u017cyteczny, nale\u017c\u0105cy do ser\u00f3w niedojrzewaj\u0105cych typu pasta filata. Dzi\u0119ki temu po zapiekaniu ser ci\u0105gnie si\u0119 i rumieni. To pe\u0142nowarto\u015bciowa i smaczna podstawa posi\u0142ku. \u0179r\u00f3d\u0142o witamin B2, B12 oraz witaminy A, a tak\u017ce naturalnie wyst\u0119puj\u0105cych minera\u0142\u00f3w: wapnia, cynku i potasu. Sery typu w\u0142oskiego jak sery Mozzarella [&hellip;]<\/p>\n","protected":false},"featured_media":4081,"template":"","meta":[],"product_cat":[1213,558,1231,24],"product_tag":[],"_links":{"self":[{"href":"https:\/\/mlekpol.com.pl\/index.php\/wp-json\/wp\/v2\/product\/2578"}],"collection":[{"href":"https:\/\/mlekpol.com.pl\/index.php\/wp-json\/wp\/v2\/product"}],"about":[{"href":"https:\/\/mlekpol.com.pl\/index.php\/wp-json\/wp\/v2\/types\/product"}],"wp:featuredmedia":[{"embeddable":true,"href":"https:\/\/mlekpol.com.pl\/index.php\/wp-json\/wp\/v2\/media\/4081"}],"wp:attachment":[{"href":"https:\/\/mlekpol.com.pl\/index.php\/wp-json\/wp\/v2\/media?parent=2578"}],"wp:term":[{"taxonomy":"product_cat","embeddable":true,"href":"https:\/\/mlekpol.com.pl\/index.php\/wp-json\/wp\/v2\/product_cat?post=2578"},{"taxonomy":"product_tag","embeddable":true,"href":"https:\/\/mlekpol.com.pl\/index.php\/wp-json\/wp\/v2\/product_tag?post=2578"}],"curies":[{"name":"wp","href":"https:\/\/api.w.org\/{rel}","templated":true}]}}