
{"id":2572,"date":"2018-07-31T13:31:20","date_gmt":"2018-07-31T11:31:20","guid":{"rendered":"http:\/\/mlekpol.thinq.pl\/index.php\/produkt\/ser-senator-typu-ementalskiego-cylinder-kolno\/"},"modified":"2020-08-03T11:49:17","modified_gmt":"2020-08-03T09:49:17","slug":"ser-senator-typu-ementalskiego-cylinder-kolno","status":"publish","type":"product","link":"https:\/\/mlekpol.com.pl\/index.php\/produkt\/ser-senator-typu-ementalskiego-cylinder-kolno\/","title":{"rendered":"Ser Senator typu ementalskiego &#8211; cylinder (Kolno)"},"content":{"rendered":"<p>Sery Senator SM MLEKPOL to wykwintny produkt serowarski najwy\u017cszej jako\u015bci. Koneserzy ser\u00f3w z pewno\u015bci\u0105 doceni\u0105 ich smak. Swoje niepowtarzalne walory smakowe i aromat zawdzi\u0119czaj\u0105 doskona\u0142emu surowcowi, do\u015bwiadczeniu i pasji serowar\u00f3w SM MLEKPOL oraz tradycyjnej metodzie produkcji \u201ena such\u0105 sk\u00f3rk\u0119\u201d. Sery dojrzewaj\u0105 w naturalny spos\u00f3b. S\u0105 wystawione na dzia\u0142anie powietrza. Le\u017cakuj\u0105 na deskach co pozwala im w naturalny spos\u00f3b oddycha\u0107 i dojrzewa\u0107.<br \/>\nSer SENATOR EMENTALER to ser typu szwajcarskiego. Ma s\u0142odkawy, lekko orzechowy smak i aromat oraz elastyczny mi\u0105\u017csz o regularnych oczkach.<br \/>\nJest znakomitym dodatkiem do kanapek jak r\u00f3wnie\u017c idealna przek\u0105sk\u0105 do wina.<\/p>\n","protected":false},"excerpt":{"rendered":"<p>Sery Senator SM MLEKPOL to wykwintny produkt serowarski najwy\u017cszej jako\u015bci. Koneserzy ser\u00f3w z pewno\u015bci\u0105 doceni\u0105 ich smak. Swoje niepowtarzalne walory smakowe i aromat zawdzi\u0119czaj\u0105 doskona\u0142emu surowcowi, do\u015bwiadczeniu i pasji serowar\u00f3w SM MLEKPOL oraz tradycyjnej metodzie produkcji \u201ena such\u0105 sk\u00f3rk\u0119\u201d. Sery dojrzewaj\u0105 w naturalny spos\u00f3b. S\u0105 wystawione na dzia\u0142anie powietrza. Le\u017cakuj\u0105 na deskach co pozwala im [&hellip;]<\/p>\n","protected":false},"featured_media":4069,"template":"","meta":[],"product_cat":[1233,179,558,24],"product_tag":[],"_links":{"self":[{"href":"https:\/\/mlekpol.com.pl\/index.php\/wp-json\/wp\/v2\/product\/2572"}],"collection":[{"href":"https:\/\/mlekpol.com.pl\/index.php\/wp-json\/wp\/v2\/product"}],"about":[{"href":"https:\/\/mlekpol.com.pl\/index.php\/wp-json\/wp\/v2\/types\/product"}],"wp:featuredmedia":[{"embeddable":true,"href":"https:\/\/mlekpol.com.pl\/index.php\/wp-json\/wp\/v2\/media\/4069"}],"wp:attachment":[{"href":"https:\/\/mlekpol.com.pl\/index.php\/wp-json\/wp\/v2\/media?parent=2572"}],"wp:term":[{"taxonomy":"product_cat","embeddable":true,"href":"https:\/\/mlekpol.com.pl\/index.php\/wp-json\/wp\/v2\/product_cat?post=2572"},{"taxonomy":"product_tag","embeddable":true,"href":"https:\/\/mlekpol.com.pl\/index.php\/wp-json\/wp\/v2\/product_tag?post=2572"}],"curies":[{"name":"wp","href":"https:\/\/api.w.org\/{rel}","templated":true}]}}