
{"id":2571,"date":"2018-07-31T13:31:19","date_gmt":"2018-07-31T11:31:19","guid":{"rendered":"http:\/\/mlekpol.thinq.pl\/index.php\/produkt\/ser-senator-typu-holenderskiego-cylinder-kolno\/"},"modified":"2020-08-03T11:48:59","modified_gmt":"2020-08-03T09:48:59","slug":"ser-senator-typu-holenderskiego-cylinder-kolno","status":"publish","type":"product","link":"https:\/\/mlekpol.com.pl\/index.php\/produkt\/ser-senator-typu-holenderskiego-cylinder-kolno\/","title":{"rendered":"Ser Senator typu holenderskiego &#8211; cylinder (Kolno)"},"content":{"rendered":"<p>Sery Senator SM MLEKPOL to wykwintny produkt serowarski najwy\u017cszej jako\u015bci. Koneserzy ser\u00f3w<br \/>\nz pewno\u015bci\u0105 doceni\u0105 ich smak. Swoje niepowtarzalne walory smakowe i aromat zawdzi\u0119czaj\u0105 doskona\u0142emu surowcowi, do\u015bwiadczeniu i pasji serowar\u00f3w SM MLEKPOL oraz tradycyjnej metodzie produkcji \u201ena such\u0105 sk\u00f3rk\u0119\u201d. Sery dojrzewaj\u0105 w naturalny<br \/>\nspos\u00f3b. S\u0105 wystawione na dzia\u0142anie powietrza. Le\u017cakuj\u0105 na deskach co pozwala im w naturalny spos\u00f3b oddycha\u0107 i dojrzewa\u0107.<br \/>\nSer SENATOR GOUDA dedykowany jest wielbicielom ser\u00f3w holenderskich. Ma delikatny, \u015bmietankowy smak i elastyczny mi\u0105\u017csz. Gouda jest idealnym uzupe\u0142nieniem pe\u0142nowarto\u015bciowych kanapek. \u015awietnie sprawdza si\u0119 w sa\u0142atkach i zapiekankach. Wspaniale komponuje si\u0119 z owocami i winem.<\/p>\n","protected":false},"excerpt":{"rendered":"<p>Sery Senator SM MLEKPOL to wykwintny produkt serowarski najwy\u017cszej jako\u015bci. Koneserzy ser\u00f3w z pewno\u015bci\u0105 doceni\u0105 ich smak. Swoje niepowtarzalne walory smakowe i aromat zawdzi\u0119czaj\u0105 doskona\u0142emu surowcowi, do\u015bwiadczeniu i pasji serowar\u00f3w SM MLEKPOL oraz tradycyjnej metodzie produkcji \u201ena such\u0105 sk\u00f3rk\u0119\u201d. Sery dojrzewaj\u0105 w naturalny spos\u00f3b. S\u0105 wystawione na dzia\u0142anie powietrza. Le\u017cakuj\u0105 na deskach co pozwala im [&hellip;]<\/p>\n","protected":false},"featured_media":17535,"template":"","meta":[],"product_cat":[1233,179,558,24],"product_tag":[],"_links":{"self":[{"href":"https:\/\/mlekpol.com.pl\/index.php\/wp-json\/wp\/v2\/product\/2571"}],"collection":[{"href":"https:\/\/mlekpol.com.pl\/index.php\/wp-json\/wp\/v2\/product"}],"about":[{"href":"https:\/\/mlekpol.com.pl\/index.php\/wp-json\/wp\/v2\/types\/product"}],"wp:featuredmedia":[{"embeddable":true,"href":"https:\/\/mlekpol.com.pl\/index.php\/wp-json\/wp\/v2\/media\/17535"}],"wp:attachment":[{"href":"https:\/\/mlekpol.com.pl\/index.php\/wp-json\/wp\/v2\/media?parent=2571"}],"wp:term":[{"taxonomy":"product_cat","embeddable":true,"href":"https:\/\/mlekpol.com.pl\/index.php\/wp-json\/wp\/v2\/product_cat?post=2571"},{"taxonomy":"product_tag","embeddable":true,"href":"https:\/\/mlekpol.com.pl\/index.php\/wp-json\/wp\/v2\/product_tag?post=2571"}],"curies":[{"name":"wp","href":"https:\/\/api.w.org\/{rel}","templated":true}]}}