
{"id":2565,"date":"2018-07-31T13:31:17","date_gmt":"2018-07-31T11:31:17","guid":{"rendered":"http:\/\/mlekpol.thinq.pl\/index.php\/produkt\/ser-ementaler-czarnoleski-maly-blok-rolmlecz\/"},"modified":"2021-12-06T13:36:55","modified_gmt":"2021-12-06T12:36:55","slug":"ser-ementaler-czarnoleski-maly-blok-rolmlecz","status":"publish","type":"product","link":"https:\/\/mlekpol.com.pl\/index.php\/produkt\/ser-ementaler-czarnoleski-maly-blok-rolmlecz\/","title":{"rendered":"Ser Ementaler Czarnoleski ma\u0142y blok (Rolmlecz)"},"content":{"rendered":"<p>Doskona\u0142y ser \u017c\u00f3\u0142ty typu szwajcarskiego wyprodukowany z najlepszego mleka od kr\u00f3w wypasanych w najczystszych regionach Polski.<br \/>\nBogate \u017ar\u00f3d\u0142o wapnia i witamin. Idealny jako przek\u0105ska albo dodatek do da\u0144.<\/p>\n","protected":false},"excerpt":{"rendered":"<p>Doskona\u0142y ser \u017c\u00f3\u0142ty typu szwajcarskiego wyprodukowany z najlepszego mleka od kr\u00f3w wypasanych w najczystszych regionach Polski. Bogate \u017ar\u00f3d\u0142o wapnia i witamin. Idealny jako przek\u0105ska albo dodatek do da\u0144.<\/p>\n","protected":false},"featured_media":20099,"template":"","meta":[],"product_cat":[1213,179,558,24],"product_tag":[],"_links":{"self":[{"href":"https:\/\/mlekpol.com.pl\/index.php\/wp-json\/wp\/v2\/product\/2565"}],"collection":[{"href":"https:\/\/mlekpol.com.pl\/index.php\/wp-json\/wp\/v2\/product"}],"about":[{"href":"https:\/\/mlekpol.com.pl\/index.php\/wp-json\/wp\/v2\/types\/product"}],"wp:featuredmedia":[{"embeddable":true,"href":"https:\/\/mlekpol.com.pl\/index.php\/wp-json\/wp\/v2\/media\/20099"}],"wp:attachment":[{"href":"https:\/\/mlekpol.com.pl\/index.php\/wp-json\/wp\/v2\/media?parent=2565"}],"wp:term":[{"taxonomy":"product_cat","embeddable":true,"href":"https:\/\/mlekpol.com.pl\/index.php\/wp-json\/wp\/v2\/product_cat?post=2565"},{"taxonomy":"product_tag","embeddable":true,"href":"https:\/\/mlekpol.com.pl\/index.php\/wp-json\/wp\/v2\/product_tag?post=2565"}],"curies":[{"name":"wp","href":"https:\/\/api.w.org\/{rel}","templated":true}]}}