
{"id":2562,"date":"2018-07-31T13:31:16","date_gmt":"2018-07-31T11:31:16","guid":{"rendered":"http:\/\/mlekpol.thinq.pl\/index.php\/produkt\/ser-sejdamer-blok-sejny\/"},"modified":"2020-08-03T14:39:03","modified_gmt":"2020-08-03T12:39:03","slug":"ser-sejdamer-blok-sejny","status":"publish","type":"product","link":"https:\/\/mlekpol.com.pl\/index.php\/produkt\/ser-sejdamer-blok-sejny\/","title":{"rendered":"Ser Sejdamer &#8211; blok (Sejny)"},"content":{"rendered":"<p>Doskona\u0142y ser \u017c\u00f3\u0142ty typu szwajcarskiego wyprodukowany z najlepszego mleka od kr\u00f3w wypasanych w najczystszych regionach Podlasia. Bogate \u017ar\u00f3d\u0142o wapnia i witamin. Idealny jako przek\u0105ska albo dodatek do da\u0144.<\/p>\n","protected":false},"excerpt":{"rendered":"<p>Doskona\u0142y ser \u017c\u00f3\u0142ty typu szwajcarskiego wyprodukowany z najlepszego mleka od kr\u00f3w wypasanych w najczystszych regionach Podlasia. Bogate \u017ar\u00f3d\u0142o wapnia i witamin. Idealny jako przek\u0105ska albo dodatek do da\u0144.<\/p>\n","protected":false},"featured_media":20101,"template":"","meta":[],"product_cat":[1213,179,558,24],"product_tag":[],"_links":{"self":[{"href":"https:\/\/mlekpol.com.pl\/index.php\/wp-json\/wp\/v2\/product\/2562"}],"collection":[{"href":"https:\/\/mlekpol.com.pl\/index.php\/wp-json\/wp\/v2\/product"}],"about":[{"href":"https:\/\/mlekpol.com.pl\/index.php\/wp-json\/wp\/v2\/types\/product"}],"wp:featuredmedia":[{"embeddable":true,"href":"https:\/\/mlekpol.com.pl\/index.php\/wp-json\/wp\/v2\/media\/20101"}],"wp:attachment":[{"href":"https:\/\/mlekpol.com.pl\/index.php\/wp-json\/wp\/v2\/media?parent=2562"}],"wp:term":[{"taxonomy":"product_cat","embeddable":true,"href":"https:\/\/mlekpol.com.pl\/index.php\/wp-json\/wp\/v2\/product_cat?post=2562"},{"taxonomy":"product_tag","embeddable":true,"href":"https:\/\/mlekpol.com.pl\/index.php\/wp-json\/wp\/v2\/product_tag?post=2562"}],"curies":[{"name":"wp","href":"https:\/\/api.w.org\/{rel}","templated":true}]}}